{"id":5577,"date":"2023-08-17T17:16:04","date_gmt":"2023-08-17T15:16:04","guid":{"rendered":"https:\/\/www.ftcvtaekwondo.com\/?page_id=5577"},"modified":"2025-08-27T14:17:58","modified_gmt":"2025-08-27T12:17:58","slug":"redes-sociales","status":"publish","type":"page","link":"https:\/\/www.tkdcv.es\/es\/redes-sociales\/","title":{"rendered":"Redes sociales"},"content":{"rendered":"\t\t<div data-elementor-type=\"wp-page\" data-elementor-id=\"5577\" class=\"elementor elementor-5577\" data-elementor-post-type=\"page\">\n\t\t\t\t\t\t<section data-particle_enable=\"false\" data-particle-mobile-disabled=\"false\" class=\"elementor-section elementor-top-section elementor-element elementor-element-4b02b85 elementor-section-boxed elementor-section-height-default elementor-section-height-default\" data-id=\"4b02b85\" data-element_type=\"section\" data-e-type=\"section\">\n\t\t\t\t\t\t<div class=\"elementor-container elementor-column-gap-default\">\n\t\t\t\t\t<div class=\"elementor-column elementor-col-100 elementor-top-column elementor-element elementor-element-9c1ff96\" data-id=\"9c1ff96\" data-element_type=\"column\" data-e-type=\"column\">\n\t\t\t<div class=\"elementor-widget-wrap elementor-element-populated\">\n\t\t\t\t\t\t<div class=\"elementor-element elementor-element-77d2cae elementor-widget elementor-widget-spacer\" data-id=\"77d2cae\" data-element_type=\"widget\" data-e-type=\"widget\" data-widget_type=\"spacer.default\">\n\t\t\t\t<div class=\"elementor-widget-container\">\n\t\t\t\t\t\t\t<div class=\"elementor-spacer\">\n\t\t\t<div class=\"elementor-spacer-inner\"><\/div>\n\t\t<\/div>\n\t\t\t\t\t\t<\/div>\n\t\t\t\t<\/div>\n\t\t\t\t<div class=\"elementor-element elementor-element-92ada3c elementor-widget elementor-widget-heading\" data-id=\"92ada3c\" data-element_type=\"widget\" data-e-type=\"widget\" data-widget_type=\"heading.default\">\n\t\t\t\t<div class=\"elementor-widget-container\">\n\t\t\t\t\t<h2 class=\"elementor-heading-title elementor-size-medium\">XII OPEN COMUNIDAD VALENCIANA<\/h2>\t\t\t\t<\/div>\n\t\t\t\t<\/div>\n\t\t\t\t<section data-particle_enable=\"false\" data-particle-mobile-disabled=\"false\" class=\"has-el-gap el-gap-default elementor-section elementor-inner-section elementor-element elementor-element-8f7017e elementor-section-boxed elementor-section-height-default elementor-section-height-default\" data-id=\"8f7017e\" data-element_type=\"section\" data-e-type=\"section\">\n\t\t\t\t\t\t<div class=\"elementor-container elementor-column-gap-no\">\n\t\t\t\t\t<div class=\"elementor-column elementor-col-50 elementor-inner-column elementor-element elementor-element-39615fe\" data-id=\"39615fe\" data-element_type=\"column\" data-e-type=\"column\">\n\t\t\t<div class=\"elementor-widget-wrap elementor-element-populated\">\n\t\t\t\t\t\t<div class=\"elementor-element elementor-element-14af2c2 elementor-widget__width-initial elementor-widget elementor-widget-image\" data-id=\"14af2c2\" data-element_type=\"widget\" data-e-type=\"widget\" data-widget_type=\"image.default\">\n\t\t\t\t<div class=\"elementor-widget-container\">\n\t\t\t\t\t\t\t\t\t\t\t\t\t\t\t<img fetchpriority=\"high\" decoding=\"async\" class=\"attachment-2048x2048 size-2048x2048 wp-image-9060 lazyload\" width=\"1325\" height=\"1888\" src=\"data:image\/svg+xml;base64,PHN2ZyB2aWV3Qm94PScwIDAgMTMyNSAxODg4JyB4bWxucz0naHR0cDovL3d3dy53My5vcmcvMjAwMC9zdmcnPjwvc3ZnPg==\" alt srcset=\"https:\/\/www.tkdcv.es\/wp-content\/uploads\/2024\/09\/45171640-7C22-4CAE-AB44-9EE7BBA3A34C.jpeg 1325w, https:\/\/www.tkdcv.es\/wp-content\/uploads\/2024\/09\/45171640-7C22-4CAE-AB44-9EE7BBA3A34C-211x300.jpeg 211w, https:\/\/www.tkdcv.es\/wp-content\/uploads\/2024\/09\/45171640-7C22-4CAE-AB44-9EE7BBA3A34C-719x1024.jpeg 719w, https:\/\/www.tkdcv.es\/wp-content\/uploads\/2024\/09\/45171640-7C22-4CAE-AB44-9EE7BBA3A34C-768x1094.jpeg 768w, https:\/\/www.tkdcv.es\/wp-content\/uploads\/2024\/09\/45171640-7C22-4CAE-AB44-9EE7BBA3A34C-1078x1536.jpeg 1078w, https:\/\/www.tkdcv.es\/wp-content\/uploads\/2024\/09\/45171640-7C22-4CAE-AB44-9EE7BBA3A34C-8x12.jpeg 8w, https:\/\/www.tkdcv.es\/wp-content\/uploads\/2024\/09\/45171640-7C22-4CAE-AB44-9EE7BBA3A34C-150x214.jpeg 150w, https:\/\/www.tkdcv.es\/wp-content\/uploads\/2024\/09\/45171640-7C22-4CAE-AB44-9EE7BBA3A34C-450x641.jpeg 450w, https:\/\/www.tkdcv.es\/wp-content\/uploads\/2024\/09\/45171640-7C22-4CAE-AB44-9EE7BBA3A34C-1200x1710.jpeg 1200w\" sizes=\"(max-width: 1325px) 100vw, 1325px\" data-src=\"https:\/\/www.tkdcv.es\/wp-content\/uploads\/2024\/09\/45171640-7C22-4CAE-AB44-9EE7BBA3A34C.jpeg\" \/>\t\t\t\t\t\t\t\t\t\t\t\t\t\t\t<\/div>\n\t\t\t\t<\/div>\n\t\t\t\t\t<\/div>\n\t\t<\/div>\n\t\t\t\t<div class=\"elementor-column elementor-col-50 elementor-inner-column elementor-element elementor-element-2e903fe\" data-id=\"2e903fe\" data-element_type=\"column\" data-e-type=\"column\">\n\t\t\t<div class=\"elementor-widget-wrap elementor-element-populated\">\n\t\t\t\t\t\t<div class=\"elementor-element elementor-element-434ac79 elementor-widget elementor-widget-spacer\" data-id=\"434ac79\" data-element_type=\"widget\" data-e-type=\"widget\" data-widget_type=\"spacer.default\">\n\t\t\t\t<div class=\"elementor-widget-container\">\n\t\t\t\t\t\t\t<div class=\"elementor-spacer\">\n\t\t\t<div class=\"elementor-spacer-inner\"><\/div>\n\t\t<\/div>\n\t\t\t\t\t\t<\/div>\n\t\t\t\t<\/div>\n\t\t\t\t<div class=\"elementor-element elementor-element-055c8f8 htmega-align-center elementor-widget elementor-widget-htmega-calltoaction-addons\" data-id=\"055c8f8\" data-element_type=\"widget\" data-e-type=\"widget\" data-widget_type=\"htmega-calltoaction-addons.default\">\n\t\t\t\t<div class=\"elementor-widget-container\">\n\t\t\t\t\t            <div class=\"htmega-call-to-action callto-action-style-1\">\n                <div class=\"htmega-content\">\n\n                                            <h2 class=\"htmega-callto-action-title\">Circular Oficial <\/h2><a class=\"call_btn\" href=\"https:\/\/www.tkdcv.es\/wp-content\/uploads\/2025\/07\/CIRCULAR-XIII-OPEN-TAEKWONDO-CV.pdf\"><span class='call_to_action_button_one_text_progression'>Descargar<\/span><\/a>                    \n                <\/div>\n            <\/div>\n\n        \t\t\t\t<\/div>\n\t\t\t\t<\/div>\n\t\t\t\t<div class=\"elementor-element elementor-element-e561e3c elementor-widget elementor-widget-spacer\" data-id=\"e561e3c\" data-element_type=\"widget\" data-e-type=\"widget\" data-widget_type=\"spacer.default\">\n\t\t\t\t<div class=\"elementor-widget-container\">\n\t\t\t\t\t\t\t<div class=\"elementor-spacer\">\n\t\t\t<div class=\"elementor-spacer-inner\"><\/div>\n\t\t<\/div>\n\t\t\t\t\t\t<\/div>\n\t\t\t\t<\/div>\n\t\t\t\t<div class=\"elementor-element elementor-element-a5bcb19 elementor-widget__width-initial htmega-align-center elementor-widget elementor-widget-htmega-calltoaction-addons\" data-id=\"a5bcb19\" data-element_type=\"widget\" data-e-type=\"widget\" data-widget_type=\"htmega-calltoaction-addons.default\">\n\t\t\t\t<div class=\"elementor-widget-container\">\n\t\t\t\t\t            <div class=\"htmega-call-to-action callto-action-style-1\">\n                <div class=\"htmega-content\">\n\n                                            <h2 class=\"htmega-callto-action-title\">Hoteles Open C.V<\/h2><a class=\"call_btn\" href=\"https:\/\/www.tkdcv.es\/wp-content\/uploads\/2024\/09\/Propuestas-de-Hoteles-Open-Taekwondo.pdf\"><span class='call_to_action_button_one_text_progression'>Descargar<\/span><\/a>                    \n                <\/div>\n            <\/div>\n\n        \t\t\t\t<\/div>\n\t\t\t\t<\/div>\n\t\t\t\t<div class=\"elementor-element elementor-element-fb50fff elementor-widget elementor-widget-spacer\" data-id=\"fb50fff\" data-element_type=\"widget\" data-e-type=\"widget\" data-widget_type=\"spacer.default\">\n\t\t\t\t<div class=\"elementor-widget-container\">\n\t\t\t\t\t\t\t<div class=\"elementor-spacer\">\n\t\t\t<div class=\"elementor-spacer-inner\"><\/div>\n\t\t<\/div>\n\t\t\t\t\t\t<\/div>\n\t\t\t\t<\/div>\n\t\t\t\t<div class=\"elementor-element elementor-element-509fee5 htmega-align-center elementor-widget elementor-widget-htmega-calltoaction-addons\" data-id=\"509fee5\" data-element_type=\"widget\" data-e-type=\"widget\" data-widget_type=\"htmega-calltoaction-addons.default\">\n\t\t\t\t<div class=\"elementor-widget-container\">\n\t\t\t\t\t            <div class=\"htmega-call-to-action callto-action-style-1\">\n                <div class=\"htmega-content\">\n\n                                            <h2 class=\"htmega-callto-action-title\">Portal de competici\u00f3n<\/h2><a class=\"call_btn\" href=\"https:\/\/federacion.tkdcv.es\/federacion\/app\/nosession.php?permiso=campeonato\"><span class='call_to_action_button_one_text_progression'>Acceder<\/span><\/a>                    \n                <\/div>\n            <\/div>\n\n        \t\t\t\t<\/div>\n\t\t\t\t<\/div>\n\t\t\t\t<div class=\"elementor-element elementor-element-287acc8 elementor-widget elementor-widget-spacer\" data-id=\"287acc8\" data-element_type=\"widget\" data-e-type=\"widget\" data-widget_type=\"spacer.default\">\n\t\t\t\t<div class=\"elementor-widget-container\">\n\t\t\t\t\t\t\t<div class=\"elementor-spacer\">\n\t\t\t<div class=\"elementor-spacer-inner\"><\/div>\n\t\t<\/div>\n\t\t\t\t\t\t<\/div>\n\t\t\t\t<\/div>\n\t\t\t\t<div class=\"elementor-element elementor-element-4116767 htmega-align-center elementor-widget elementor-widget-htmega-calltoaction-addons\" data-id=\"4116767\" data-element_type=\"widget\" data-e-type=\"widget\" data-widget_type=\"htmega-calltoaction-addons.default\">\n\t\t\t\t<div class=\"elementor-widget-container\">\n\t\t\t\t\t            <div class=\"htmega-call-to-action callto-action-style-1\">\n                <div class=\"htmega-content\">\n\n                                            <h2 class=\"htmega-callto-action-title\">Autorizaci\u00f3n Menores<\/h2><a class=\"call_btn\" href=\"https:\/\/www.tkdcv.es\/wp-content\/uploads\/2024\/01\/AUTORIZACION-MENORES-Temporada-2023-2024.pdf\"><span class='call_to_action_button_one_text_progression'>Acceder<\/span><\/a>                    \n                <\/div>\n            <\/div>\n\n        \t\t\t\t<\/div>\n\t\t\t\t<\/div>\n\t\t\t\t<div class=\"elementor-element elementor-element-d675953 elementor-widget elementor-widget-spacer\" data-id=\"d675953\" data-element_type=\"widget\" data-e-type=\"widget\" data-widget_type=\"spacer.default\">\n\t\t\t\t<div class=\"elementor-widget-container\">\n\t\t\t\t\t\t\t<div class=\"elementor-spacer\">\n\t\t\t<div class=\"elementor-spacer-inner\"><\/div>\n\t\t<\/div>\n\t\t\t\t\t\t<\/div>\n\t\t\t\t<\/div>\n\t\t\t\t<div class=\"elementor-element elementor-element-7e991cf elementor-widget__width-initial htmega-align-center elementor-widget elementor-widget-htmega-calltoaction-addons\" data-id=\"7e991cf\" data-element_type=\"widget\" data-e-type=\"widget\" data-widget_type=\"htmega-calltoaction-addons.default\">\n\t\t\t\t<div class=\"elementor-widget-container\">\n\t\t\t\t\t            <div class=\"htmega-call-to-action callto-action-style-1\">\n                <div class=\"htmega-content\">\n\n                                            <p class=\"htmega-callto-action-description\">Clasificaci\u00f3n por equipos<\/p><h2 class=\"htmega-callto-action-title\">Poomsae<\/h2><a class=\"call_btn\" href=\"https:\/\/www.tkdcv.es\/wp-content\/uploads\/2025\/02\/Clasificacion-por-EQUIPOS-POOMSAE-XII-Open-CV.pdf\"><span class='call_to_action_button_one_text_progression'>Acceder<\/span><\/a>                    \n                <\/div>\n            <\/div>\n\n        \t\t\t\t<\/div>\n\t\t\t\t<\/div>\n\t\t\t\t<div class=\"elementor-element elementor-element-9793e1f elementor-widget__width-initial htmega-align-center elementor-widget elementor-widget-htmega-calltoaction-addons\" data-id=\"9793e1f\" data-element_type=\"widget\" data-e-type=\"widget\" data-widget_type=\"htmega-calltoaction-addons.default\">\n\t\t\t\t<div class=\"elementor-widget-container\">\n\t\t\t\t\t            <div class=\"htmega-call-to-action callto-action-style-1\">\n                <div class=\"htmega-content\">\n\n                                            <p class=\"htmega-callto-action-description\">Resultados<\/p><h2 class=\"htmega-callto-action-title\">Poomsae<\/h2><a class=\"call_btn\" href=\"https:\/\/www.tkdcv.es\/wp-content\/uploads\/2025\/02\/Resultados-POOMSAE-OPEN-CV-2024.pdf\"><span class='call_to_action_button_one_text_progression'>Acceder<\/span><\/a>                    \n                <\/div>\n            <\/div>\n\n        \t\t\t\t<\/div>\n\t\t\t\t<\/div>\n\t\t\t\t<div class=\"elementor-element elementor-element-7f8e048 htmega-align-center elementor-widget elementor-widget-htmega-calltoaction-addons\" data-id=\"7f8e048\" data-element_type=\"widget\" data-e-type=\"widget\" data-widget_type=\"htmega-calltoaction-addons.default\">\n\t\t\t\t<div class=\"elementor-widget-container\">\n\t\t\t\t\t            <div class=\"htmega-call-to-action callto-action-style-1\">\n                <div class=\"htmega-content\">\n\n                                                                \n                <\/div>\n            <\/div>\n\n        \t\t\t\t<\/div>\n\t\t\t\t<\/div>\n\t\t\t\t\t<\/div>\n\t\t<\/div>\n\t\t\t\t\t<\/div>\n\t\t<\/section>\n\t\t\t\t<div class=\"elementor-element elementor-element-2132ca1 elementor-widget elementor-widget-spacer\" data-id=\"2132ca1\" data-element_type=\"widget\" data-e-type=\"widget\" data-widget_type=\"spacer.default\">\n\t\t\t\t<div class=\"elementor-widget-container\">\n\t\t\t\t\t\t\t<div class=\"elementor-spacer\">\n\t\t\t<div class=\"elementor-spacer-inner\"><\/div>\n\t\t<\/div>\n\t\t\t\t\t\t<\/div>\n\t\t\t\t<\/div>\n\t\t\t\t<div class=\"elementor-element elementor-element-b6d74dd elementor-widget elementor-widget-heading\" data-id=\"b6d74dd\" data-element_type=\"widget\" data-e-type=\"widget\" data-widget_type=\"heading.default\">\n\t\t\t\t<div class=\"elementor-widget-container\">\n\t\t\t\t\t<h1 class=\"elementor-heading-title elementor-size-medium\">IMPORTANTE:<\/h1>\t\t\t\t<\/div>\n\t\t\t\t<\/div>\n\t\t\t\t<div class=\"elementor-element elementor-element-11b4a2c elementor-widget elementor-widget-heading\" data-id=\"11b4a2c\" data-element_type=\"widget\" data-e-type=\"widget\" data-widget_type=\"heading.default\">\n\t\t\t\t<div class=\"elementor-widget-container\">\n\t\t\t\t\t<h1 class=\"elementor-heading-title elementor-size-medium\">Debido a las numerosas peticiones de clubes sobre las inscripciones en Poomsae, desde la organizaci\u00f3n del Open de la Comunidad Valenciana se ha decidido alargar el cierre de las inscripciones de POOMSAE hasta el jueves 10 de Octubre a las 23:59.<\/h1>\t\t\t\t<\/div>\n\t\t\t\t<\/div>\n\t\t\t\t<div class=\"elementor-element elementor-element-24e2b4e elementor-widget elementor-widget-heading\" data-id=\"24e2b4e\" data-element_type=\"widget\" data-e-type=\"widget\" data-widget_type=\"heading.default\">\n\t\t\t\t<div class=\"elementor-widget-container\">\n\t\t\t\t\t<h1 class=\"elementor-heading-title elementor-size-medium\">RECORDAMOS QUE EN LA CATEGOR\u00cdA DE POOMSAE, NO SE PUEDE COMPETIR EN INFANTIL Y EN ADULTO EL MISMO D\u00cdA, SE TIENE QUE ELEGIR UNA DE LAS DOS CATEGOR\u00cdAS.<\/h1>\t\t\t\t<\/div>\n\t\t\t\t<\/div>\n\t\t\t\t<div class=\"elementor-element elementor-element-4f1260b elementor-widget elementor-widget-heading\" data-id=\"4f1260b\" data-element_type=\"widget\" data-e-type=\"widget\" data-widget_type=\"heading.default\">\n\t\t\t\t<div class=\"elementor-widget-container\">\n\t\t\t\t\t<h1 class=\"elementor-heading-title elementor-size-medium\">Nota:<\/h1>\t\t\t\t<\/div>\n\t\t\t\t<\/div>\n\t\t\t\t<div class=\"elementor-element elementor-element-66bf57d elementor-widget elementor-widget-text-editor\" data-id=\"66bf57d\" data-element_type=\"widget\" data-e-type=\"widget\" data-widget_type=\"text-editor.default\">\n\t\t\t\t<div class=\"elementor-widget-container\">\n\t\t\t\t\t\t\t\t\t<p>Se informa que debido a que los junior A de poomsae compiten con CN DAN, teniendo en cuenta que las edades son las del 2025 y los de 14 a\u00f1os no pueden examinarse hasta el 2025 y necesitan el Cintur\u00f3n Negro para Junior, se va a permitir que en la categor\u00eda JUNIOR A los que tienen 14 a\u00f1os participen con PRIMER PUM o Cintur\u00f3n Rojo.<\/p><p><span style=\"color: var(--body-color, var(--c-contrast-700)); font-size: 14px;\">En el caso de participar con Primer Pum o Cintur\u00f3n Rojo, el dobok a usar ser\u00e1 el que corresponde al cintur\u00f3n\u00a0 que lleven.<\/span><\/p><p><span style=\"font-size: 14px; color: var(--body-color, var(--c-contrast-700));\">Si llevan Cintur\u00f3n Rojo, el dobok deber\u00e1 ser Blanco<\/span><\/p><p><span style=\"color: var(--body-color, var(--c-contrast-700)); font-size: 14px;\">Si compiten con PRIMER PUM, el dobok y cintur\u00f3n ser\u00e1 el de PUM (no el de Dan)<\/span><\/p><p><span style=\"font-size: 14px; color: var(--body-color, var(--c-contrast-700));\">Cualquier cambio que tengais que realizar debido a este comunicado, enviadlo a tulayguillermo@hotmail.com\u00a0 antes del viernes 11 a las 14:00 h<\/span><\/p>\t\t\t\t\t\t\t\t<\/div>\n\t\t\t\t<\/div>\n\t\t\t\t\t<\/div>\n\t\t<\/div>\n\t\t\t\t\t<\/div>\n\t\t<\/section>\n\t\t\t\t<section data-particle_enable=\"false\" data-particle-mobile-disabled=\"false\" class=\"has-el-gap el-gap-default elementor-section elementor-top-section elementor-element elementor-element-68685c5 elementor-section-boxed elementor-section-height-default elementor-section-height-default\" data-id=\"68685c5\" data-element_type=\"section\" data-e-type=\"section\">\n\t\t\t\t\t\t<div class=\"elementor-container elementor-column-gap-no\">\n\t\t\t\t\t<div class=\"elementor-column elementor-col-100 elementor-top-column elementor-element elementor-element-73ea40d\" data-id=\"73ea40d\" data-element_type=\"column\" data-e-type=\"column\">\n\t\t\t<div class=\"elementor-widget-wrap elementor-element-populated\">\n\t\t\t\t\t\t<div class=\"elementor-element elementor-element-6348254 elementor-widget-divider--view-line elementor-widget elementor-widget-divider\" data-id=\"6348254\" data-element_type=\"widget\" data-e-type=\"widget\" data-widget_type=\"divider.default\">\n\t\t\t\t<div class=\"elementor-widget-container\">\n\t\t\t\t\t\t\t<div class=\"elementor-divider\">\n\t\t\t<span class=\"elementor-divider-separator\">\n\t\t\t\t\t\t<\/span>\n\t\t<\/div>\n\t\t\t\t\t\t<\/div>\n\t\t\t\t<\/div>\n\t\t\t\t\t<\/div>\n\t\t<\/div>\n\t\t\t\t\t<\/div>\n\t\t<\/section>\n\t\t\t\t<section data-particle_enable=\"false\" data-particle-mobile-disabled=\"false\" class=\"has-el-gap el-gap-default elementor-section elementor-top-section elementor-element elementor-element-c6431f1 elementor-section-boxed elementor-section-height-default elementor-section-height-default\" data-id=\"c6431f1\" data-element_type=\"section\" data-e-type=\"section\">\n\t\t\t\t\t\t<div class=\"elementor-container elementor-column-gap-no\">\n\t\t\t\t\t<div class=\"elementor-column elementor-col-100 elementor-top-column elementor-element elementor-element-b5522b6\" data-id=\"b5522b6\" data-element_type=\"column\" data-e-type=\"column\">\n\t\t\t<div class=\"elementor-widget-wrap elementor-element-populated\">\n\t\t\t\t\t\t<div class=\"elementor-element elementor-element-abd2b1b elementor-widget elementor-widget-spacer\" data-id=\"abd2b1b\" data-element_type=\"widget\" data-e-type=\"widget\" data-widget_type=\"spacer.default\">\n\t\t\t\t<div class=\"elementor-widget-container\">\n\t\t\t\t\t\t\t<div class=\"elementor-spacer\">\n\t\t\t<div class=\"elementor-spacer-inner\"><\/div>\n\t\t<\/div>\n\t\t\t\t\t\t<\/div>\n\t\t\t\t<\/div>\n\t\t\t\t<div class=\"elementor-element elementor-element-0062baf elementor-widget__width-initial elementor-widget elementor-widget-google_maps\" data-id=\"0062baf\" data-element_type=\"widget\" data-e-type=\"widget\" data-widget_type=\"google_maps.default\">\n\t\t\t\t<div class=\"elementor-widget-container\">\n\t\t\t\t\t\t\t<div class=\"elementor-custom-embed\">\n\t\t\t<iframe loading=\"lazy\"\n\t\t\t\t\tsrc=\"https:\/\/maps.google.com\/maps?q=Palacio%20Velodromo%20Luis%20Puig%20Carrer%20de%20la%20Concentaina%2C4%2C%2046035-Benimanet-Valencia&#038;t=m&#038;z=13&#038;output=embed&#038;iwloc=near\"\n\t\t\t\t\ttitle=\"Palacio Velodromo Luis Puig Carrer de la Concentaina,4, 46035-Benimanet-Valencia\"\n\t\t\t\t\taria-label=\"Palacio Velodromo Luis Puig Carrer de la Concentaina,4, 46035-Benimanet-Valencia\"\n\t\t\t><\/iframe>\n\t\t<\/div>\n\t\t\t\t\t\t<\/div>\n\t\t\t\t<\/div>\n\t\t\t\t<div class=\"elementor-element elementor-element-ee18b54 elementor-widget elementor-widget-spacer\" data-id=\"ee18b54\" data-element_type=\"widget\" data-e-type=\"widget\" data-widget_type=\"spacer.default\">\n\t\t\t\t<div class=\"elementor-widget-container\">\n\t\t\t\t\t\t\t<div class=\"elementor-spacer\">\n\t\t\t<div class=\"elementor-spacer-inner\"><\/div>\n\t\t<\/div>\n\t\t\t\t\t\t<\/div>\n\t\t\t\t<\/div>\n\t\t\t\t<div class=\"elementor-element elementor-element-65a7dc9 elementor-widget elementor-widget-heading\" data-id=\"65a7dc9\" data-element_type=\"widget\" data-e-type=\"widget\" data-widget_type=\"heading.default\">\n\t\t\t\t<div class=\"elementor-widget-container\">\n\t\t\t\t\t<h2 class=\"elementor-heading-title elementor-size-default\">Palacio Velodromo Luis Puig\nCarrer de la Concentaina,4, 46035-Benimanet-Valencia<\/h2>\t\t\t\t<\/div>\n\t\t\t\t<\/div>\n\t\t\t\t\t<\/div>\n\t\t<\/div>\n\t\t\t\t\t<\/div>\n\t\t<\/section>\n\t\t\t\t<section data-particle_enable=\"false\" data-particle-mobile-disabled=\"false\" class=\"elementor-section elementor-top-section elementor-element elementor-element-43f1e6b elementor-section-boxed elementor-section-height-default elementor-section-height-default\" data-id=\"43f1e6b\" data-element_type=\"section\" data-e-type=\"section\">\n\t\t\t\t\t\t<div class=\"elementor-container elementor-column-gap-default\">\n\t\t\t\t\t<div class=\"elementor-column elementor-col-100 elementor-top-column elementor-element elementor-element-e4f7519\" data-id=\"e4f7519\" data-element_type=\"column\" data-e-type=\"column\">\n\t\t\t<div class=\"elementor-widget-wrap\">\n\t\t\t\t\t\t\t<\/div>\n\t\t<\/div>\n\t\t\t\t\t<\/div>\n\t\t<\/section>\n\t\t\t\t<\/div>\n\t\t","protected":false},"excerpt":{"rendered":"<p>XII OPEN COMUNIDAD VALENCIANA Circular Oficial Descargar Hoteles Open C.V Descargar Portal de competici\u00f3n Acceder Autorizaci\u00f3n Menores Acceder Clasificaci\u00f3n por equipos Poomsae Acceder Resultados Poomsae Acceder IMPORTANTE: Debido a las numerosas peticiones de clubes sobre las inscripciones en Poomsae, desde la organizaci\u00f3n del Open de la Comunidad Valenciana se ha decidido alargar el cierre de<\/p>\n","protected":false},"author":1,"featured_media":0,"parent":0,"menu_order":0,"comment_status":"closed","ping_status":"closed","template":"page-templates\/no-wrapper.php","meta":{"footnotes":""},"class_list":["post-5577","page","type-page","status-publish"],"_links":{"self":[{"href":"https:\/\/www.tkdcv.es\/es\/wp-json\/wp\/v2\/pages\/5577","targetHints":{"allow":["GET"]}}],"collection":[{"href":"https:\/\/www.tkdcv.es\/es\/wp-json\/wp\/v2\/pages"}],"about":[{"href":"https:\/\/www.tkdcv.es\/es\/wp-json\/wp\/v2\/types\/page"}],"author":[{"embeddable":true,"href":"https:\/\/www.tkdcv.es\/es\/wp-json\/wp\/v2\/users\/1"}],"replies":[{"embeddable":true,"href":"https:\/\/www.tkdcv.es\/es\/wp-json\/wp\/v2\/comments?post=5577"}],"version-history":[{"count":0,"href":"https:\/\/www.tkdcv.es\/es\/wp-json\/wp\/v2\/pages\/5577\/revisions"}],"wp:attachment":[{"href":"https:\/\/www.tkdcv.es\/es\/wp-json\/wp\/v2\/media?parent=5577"}],"curies":[{"name":"wp","href":"https:\/\/api.w.org\/{rel}","templated":true}]}}