{"id":6063,"date":"2023-08-29T15:37:39","date_gmt":"2023-08-29T13:37:39","guid":{"rendered":"https:\/\/www.ftcvtaekwondo.com\/?page_id=6063"},"modified":"2023-08-30T00:13:40","modified_gmt":"2023-08-29T22:13:40","slug":"presidente","status":"publish","type":"page","link":"https:\/\/www.tkdcv.es\/es\/presidente\/","title":{"rendered":"Presidente"},"content":{"rendered":"\t\t<div data-elementor-type=\"wp-page\" data-elementor-id=\"6063\" class=\"elementor elementor-6063\" data-elementor-post-type=\"page\">\n\t\t\t\t\t\t<section data-particle_enable=\"false\" data-particle-mobile-disabled=\"false\" class=\"elementor-section elementor-top-section elementor-element elementor-element-2c32b90 elementor-section-boxed elementor-section-height-default elementor-section-height-default\" data-id=\"2c32b90\" data-element_type=\"section\" data-e-type=\"section\">\n\t\t\t\t\t\t<div class=\"elementor-container elementor-column-gap-default\">\n\t\t\t\t\t<div class=\"elementor-column elementor-col-100 elementor-top-column elementor-element elementor-element-4717ca2f\" data-id=\"4717ca2f\" data-element_type=\"column\" data-e-type=\"column\">\n\t\t\t<div class=\"elementor-widget-wrap elementor-element-populated\">\n\t\t\t\t\t\t<div class=\"elementor-element elementor-element-b74873e elementor-widget__width-initial elementor-position-top elementor-widget elementor-widget-image-box\" data-id=\"b74873e\" data-element_type=\"widget\" data-e-type=\"widget\" data-widget_type=\"image-box.default\">\n\t\t\t\t<div class=\"elementor-widget-container\">\n\t\t\t\t\t<div class=\"elementor-image-box-wrapper\"><figure class=\"elementor-image-box-img\"><img fetchpriority=\"high\" decoding=\"async\" width=\"1420\" height=\"2048\" src=\"image\/svg+xml;base64,PHN2ZyB2aWV3Qm94PScwIDAgMSAxJyB4bWxucz0naHR0cDovL3d3dy53My5vcmcvMjAwMC9zdmcnPjwvc3ZnPg==\" class=\"attachment-full size-full wp-image-6065 lazyload\" alt=\"\" data-srcset=\"https:\/\/www.tkdcv.es\/wp-content\/uploads\/2023\/08\/WhatsApp-Image-2023-08-26-at-12.10.47-1.jpeg 1420w, https:\/\/www.tkdcv.es\/wp-content\/uploads\/2023\/08\/WhatsApp-Image-2023-08-26-at-12.10.47-1-208x300.jpeg 208w, https:\/\/www.tkdcv.es\/wp-content\/uploads\/2023\/08\/WhatsApp-Image-2023-08-26-at-12.10.47-1-710x1024.jpeg 710w, https:\/\/www.tkdcv.es\/wp-content\/uploads\/2023\/08\/WhatsApp-Image-2023-08-26-at-12.10.47-1-768x1108.jpeg 768w, https:\/\/www.tkdcv.es\/wp-content\/uploads\/2023\/08\/WhatsApp-Image-2023-08-26-at-12.10.47-1-1065x1536.jpeg 1065w, https:\/\/www.tkdcv.es\/wp-content\/uploads\/2023\/08\/WhatsApp-Image-2023-08-26-at-12.10.47-1-8x12.jpeg 8w, https:\/\/www.tkdcv.es\/wp-content\/uploads\/2023\/08\/WhatsApp-Image-2023-08-26-at-12.10.47-1-150x216.jpeg 150w, https:\/\/www.tkdcv.es\/wp-content\/uploads\/2023\/08\/WhatsApp-Image-2023-08-26-at-12.10.47-1-450x649.jpeg 450w, https:\/\/www.tkdcv.es\/wp-content\/uploads\/2023\/08\/WhatsApp-Image-2023-08-26-at-12.10.47-1-1200x1731.jpeg 1200w\" data-src=\"https:\/\/www.tkdcv.es\/wp-content\/uploads\/2023\/08\/WhatsApp-Image-2023-08-26-at-12.10.47-1.jpeg\" \/><\/figure><div class=\"elementor-image-box-content\"><h3 class=\"elementor-image-box-title\"><br>Juan Carlos Cobos<\/h3><\/div><\/div>\t\t\t\t<\/div>\n\t\t\t\t<\/div>\n\t\t\t\t<div class=\"elementor-element elementor-element-ca160c5 elementor-widget__width-initial elementor-widget elementor-widget-text-editor\" data-id=\"ca160c5\" data-element_type=\"widget\" data-e-type=\"widget\" data-widget_type=\"text-editor.default\">\n\t\t\t\t<div class=\"elementor-widget-container\">\n\t\t\t\t\t\t\t\t\t<p style=\"margin-bottom: 0cm; text-align: justify; line-height: normal; background-image: initial; background-position: initial; background-size: initial; background-repeat: initial; background-attachment: initial; background-origin: initial; background-clip: initial;\"><span style=\"font-size:12.0pt;font-family:&quot;Arial&quot;,sans-serif;\nmso-fareast-font-family:Arial;color:#222222\">Es un honor para m\u00ed presentarme\ncomo el nuevo presidente de la Federaci\u00f3n de Taekwondo de la Comunidad\nValenciana y compartir con ustedes mi compromiso con nuestro deporte. Soy Juan\nCarlos Cobos y gracias al apoyo de los miembros de la Federaci\u00f3n, asumo el reto\nde liderar esta entidad con el firme prop\u00f3sito de hacer crecer el Taekwondo en\nnuestra comunidad y unir esfuerzos para fortalecerlo en todo nuestro territorio.<o:p><\/o:p><\/span><\/p><p style=\"margin-bottom: 0cm; text-align: justify; line-height: normal; background-image: initial; background-position: initial; background-size: initial; background-repeat: initial; background-attachment: initial; background-origin: initial; background-clip: initial;\"><br><\/p><p style=\"margin-bottom: 0cm; text-align: justify; line-height: normal; background-image: initial; background-position: initial; background-size: initial; background-repeat: initial; background-attachment: initial; background-origin: initial; background-clip: initial;\"><span style=\"font-size:12.0pt;font-family:&quot;Arial&quot;,sans-serif;\nmso-fareast-font-family:Arial;color:#222222\">Desde mi incorporaci\u00f3n a la Federaci\u00f3n en el a\u00f1o 1980, siempre he visto el Taekwondo como un deporte esencial por su capacidad para unir a personas de diferentes or\u00edgenes y\nculturas mediante valores como el respeto, la perseverancia, el autocontrol y\nla disciplina. Quiero trabajar para impulsar su pr\u00e1ctica y consolidar los v\u00ednculos\nentre los clubes y los deportistas, garantizando un entorno de trabajo seguro y\nprofesional para todos.<o:p><\/o:p><\/span><\/p>\n\n<p style=\"margin-bottom: 0cm; text-align: justify; line-height: normal; background-image: initial; background-position: initial; background-size: initial; background-repeat: initial; background-attachment: initial; background-origin: initial; background-clip: initial;\"><span style=\"font-size:12.0pt;font-family:&quot;Arial&quot;,sans-serif;\nmso-fareast-font-family:Arial;color:#222222\">&nbsp;<\/span><\/p>\n\n<p style=\"margin-bottom: 0cm; text-align: justify; line-height: normal; background-image: initial; background-position: initial; background-size: initial; background-repeat: initial; background-attachment: initial; background-origin: initial; background-clip: initial;\"><span style=\"font-size:12.0pt;font-family:&quot;Arial&quot;,sans-serif;\nmso-fareast-font-family:Arial;color:#222222\">En este sentido, mi principal meta\nes mantener una estrecha relaci\u00f3n entre todos los afiliados de nuestra Federaci\u00f3n\nAuton\u00f3mica a fin de impulsar un trabajo conjunto que permita el avance del\nTaekwondo en toda nuestra comunidad. Para ello, es importante que nuestra\ninstituci\u00f3n sea transparente, en la que las decisiones sean tomadas con la\nm\u00e1xima claridad y honestidad, y en donde el trabajo en equipo sea nuestro\nnorte, dando visibilidad a la diversidad y empoderando a la mujer en puestos de\ntoma de decisi\u00f3n.<o:p><\/o:p><\/span><\/p>\n\n<p style=\"margin-bottom: 0cm; text-align: justify; line-height: normal; background-image: initial; background-position: initial; background-size: initial; background-repeat: initial; background-attachment: initial; background-origin: initial; background-clip: initial;\"><span style=\"font-size:12.0pt;font-family:&quot;Arial&quot;,sans-serif;\nmso-fareast-font-family:Arial;color:#222222\">&nbsp;<\/span><\/p>\n\n<p style=\"margin-bottom: 0cm; text-align: justify; line-height: normal; background-image: initial; background-position: initial; background-size: initial; background-repeat: initial; background-attachment: initial; background-origin: initial; background-clip: initial;\"><span style=\"font-size:12.0pt;font-family:&quot;Arial&quot;,sans-serif;\nmso-fareast-font-family:Arial;color:#222222\">Queremos un Taekwondo acorde a una\nsociedad del siglo XXI, pero sobre todo una federaci\u00f3n honesta y responsable\ncon las necesidades de cada una de las personas que practican nuestra\ndisciplina, desde el deporte base a la elite y sin distinciones. <o:p><\/o:p><\/span><\/p>\n\n<p style=\"margin-bottom: 0cm; text-align: justify; line-height: normal; background-image: initial; background-position: initial; background-size: initial; background-repeat: initial; background-attachment: initial; background-origin: initial; background-clip: initial;\"><span style=\"font-size:12.0pt;font-family:&quot;Arial&quot;,sans-serif;\nmso-fareast-font-family:Arial;color:#222222\">&nbsp;<\/span><\/p>\n\n<p style=\"margin-bottom: 0cm; text-align: justify; line-height: normal; background-image: initial; background-position: initial; background-size: initial; background-repeat: initial; background-attachment: initial; background-origin: initial; background-clip: initial;\"><span style=\"font-size:12.0pt;font-family:&quot;Arial&quot;,sans-serif;\nmso-fareast-font-family:Arial;color:#222222\">Espero poder trabajar junto a\ntodos ustedes, porque solo con esfuerzo conjunto podremos llevar adelante la\npasi\u00f3n que nos une, el Taekwondo. Con su apoyo, s\u00e9 que lograremos impulsar\nnuestro deporte a nuevos niveles y alcanzar los objetivos trazados.<o:p><\/o:p><\/span><\/p>\n\n<p style=\"margin-bottom: 0cm; text-align: justify; line-height: normal; background-image: initial; background-position: initial; background-size: initial; background-repeat: initial; background-attachment: initial; background-origin: initial; background-clip: initial;\"><span style=\"font-size:12.0pt;font-family:&quot;Arial&quot;,sans-serif;\nmso-fareast-font-family:Arial;color:#222222\">&nbsp;<\/span><\/p>\n\n<p style=\"margin-bottom: 0cm; text-align: justify; line-height: normal; background-image: initial; background-position: initial; background-size: initial; background-repeat: initial; background-attachment: initial; background-origin: initial; background-clip: initial;\"><span style=\"font-size:12.0pt;font-family:&quot;Arial&quot;,sans-serif;\nmso-fareast-font-family:Arial;color:#222222\">Juan Carlos Cobos<o:p><\/o:p><\/span><\/p>\n\n<p style=\"margin-bottom: 0cm; text-align: justify; line-height: normal; background-image: initial; background-position: initial; background-size: initial; background-repeat: initial; background-attachment: initial; background-origin: initial; background-clip: initial;\"><span style=\"font-size:12.0pt;font-family:&quot;Arial&quot;,sans-serif;\nmso-fareast-font-family:Arial;color:#222222\">&nbsp;<\/span><\/p>\n\n<p style=\"margin-bottom: 0cm; text-align: justify; line-height: normal; background-image: initial; background-position: initial; background-size: initial; background-repeat: initial; background-attachment: initial; background-origin: initial; background-clip: initial;\"><span style=\"font-size:12.0pt;font-family:&quot;Arial&quot;,sans-serif;\nmso-fareast-font-family:Arial;color:#222222\">Presidente de la Federaci\u00f3n de\nTaekwondo de la Comunidad Valenciana.<o:p><\/o:p><\/span><\/p>\n\n<p><o:p>&nbsp;<\/o:p><\/p>\n\n\t\t\t\t\t\t\t\t<\/div>\n\t\t\t\t<\/div>\n\t\t\t\t\t<\/div>\n\t\t<\/div>\n\t\t\t\t\t<\/div>\n\t\t<\/section>\n\t\t\t\t<\/div>\n\t\t","protected":false},"excerpt":{"rendered":"<p>Juan Carlos Cobos Es un honor para m\u00ed presentarme como el nuevo presidente de la Federaci\u00f3n de Taekwondo de la Comunidad Valenciana y compartir con ustedes mi compromiso con nuestro deporte. Soy Juan Carlos Cobos y gracias al apoyo de los miembros de la Federaci\u00f3n, asumo el reto de liderar esta entidad con el firme<\/p>\n","protected":false},"author":1,"featured_media":5997,"parent":0,"menu_order":0,"comment_status":"closed","ping_status":"closed","template":"page-templates\/no-wrapper.php","meta":{"footnotes":""},"class_list":["post-6063","page","type-page","status-publish","has-post-thumbnail"],"_links":{"self":[{"href":"https:\/\/www.tkdcv.es\/es\/wp-json\/wp\/v2\/pages\/6063","targetHints":{"allow":["GET"]}}],"collection":[{"href":"https:\/\/www.tkdcv.es\/es\/wp-json\/wp\/v2\/pages"}],"about":[{"href":"https:\/\/www.tkdcv.es\/es\/wp-json\/wp\/v2\/types\/page"}],"author":[{"embeddable":true,"href":"https:\/\/www.tkdcv.es\/es\/wp-json\/wp\/v2\/users\/1"}],"replies":[{"embeddable":true,"href":"https:\/\/www.tkdcv.es\/es\/wp-json\/wp\/v2\/comments?post=6063"}],"version-history":[{"count":0,"href":"https:\/\/www.tkdcv.es\/es\/wp-json\/wp\/v2\/pages\/6063\/revisions"}],"wp:featuredmedia":[{"embeddable":true,"href":"https:\/\/www.tkdcv.es\/es\/wp-json\/wp\/v2\/media\/5997"}],"wp:attachment":[{"href":"https:\/\/www.tkdcv.es\/es\/wp-json\/wp\/v2\/media?parent=6063"}],"curies":[{"name":"wp","href":"https:\/\/api.w.org\/{rel}","templated":true}]}}