{"id":8596,"date":"2024-05-17T19:55:17","date_gmt":"2024-05-17T17:55:17","guid":{"rendered":"https:\/\/www.ftcvtaekwondo.com\/?page_id=8596"},"modified":"2024-05-17T21:25:17","modified_gmt":"2024-05-17T19:25:17","slug":"8596-2","status":"publish","type":"page","link":"https:\/\/www.tkdcv.es\/es\/8596-2\/","title":{"rendered":"OPEN TAEKWONDO KIDS"},"content":{"rendered":"\t\t<div data-elementor-type=\"wp-page\" data-elementor-id=\"8596\" class=\"elementor elementor-8596\" data-elementor-post-type=\"page\">\n\t\t\t\t\t\t<section data-particle_enable=\"false\" data-particle-mobile-disabled=\"false\" class=\"elementor-section elementor-top-section elementor-element elementor-element-289e23ca elementor-section-boxed elementor-section-height-default elementor-section-height-default\" data-id=\"289e23ca\" data-element_type=\"section\" data-e-type=\"section\">\n\t\t\t\t\t\t<div class=\"elementor-container elementor-column-gap-default\">\n\t\t\t\t\t<div class=\"elementor-column elementor-col-100 elementor-top-column elementor-element elementor-element-3f51c7c9\" data-id=\"3f51c7c9\" data-element_type=\"column\" data-e-type=\"column\">\n\t\t\t<div class=\"elementor-widget-wrap elementor-element-populated\">\n\t\t\t\t\t\t<div class=\"elementor-element elementor-element-2e2e65ec elementor-widget elementor-widget-text-editor\" data-id=\"2e2e65ec\" data-element_type=\"widget\" data-e-type=\"widget\" data-widget_type=\"text-editor.default\">\n\t\t\t\t<div class=\"elementor-widget-container\">\n\t\t\t\t\t\t\t\t\t<p><img fetchpriority=\"high\" decoding=\"async\" class=\"alignnone size-large wp-image-8594\" src=\"https:\/\/www.ftcvtaekwondo.com\/wp-content\/uploads\/2024\/05\/WhatsApp-Image-2024-05-17-at-15.18.47-1024x724.jpeg\" alt=\"\" width=\"762\" height=\"539\" srcset=\"https:\/\/www.tkdcv.es\/wp-content\/uploads\/2024\/05\/WhatsApp-Image-2024-05-17-at-15.18.47-1024x724.jpeg 1024w, https:\/\/www.tkdcv.es\/wp-content\/uploads\/2024\/05\/WhatsApp-Image-2024-05-17-at-15.18.47-300x212.jpeg 300w, https:\/\/www.tkdcv.es\/wp-content\/uploads\/2024\/05\/WhatsApp-Image-2024-05-17-at-15.18.47-768x543.jpeg 768w, https:\/\/www.tkdcv.es\/wp-content\/uploads\/2024\/05\/WhatsApp-Image-2024-05-17-at-15.18.47-18x12.jpeg 18w, https:\/\/www.tkdcv.es\/wp-content\/uploads\/2024\/05\/WhatsApp-Image-2024-05-17-at-15.18.47-150x106.jpeg 150w, https:\/\/www.tkdcv.es\/wp-content\/uploads\/2024\/05\/WhatsApp-Image-2024-05-17-at-15.18.47-450x318.jpeg 450w, https:\/\/www.tkdcv.es\/wp-content\/uploads\/2024\/05\/WhatsApp-Image-2024-05-17-at-15.18.47.jpeg 1042w\" sizes=\"(max-width: 762px) 100vw, 762px\" \/><\/p><p><br \/>El pr\u00f3ximo 8 de junio de 2024 tendr\u00e1 lugar la celebraci\u00f3n del I Open Taekwondo Kids B\u00e9tera organizado por el Club Taekwondo B\u00e9tera.<\/p><p>Puedes consultar la informaci\u00f3n en la circular.<\/p><p><a href=\"https:\/\/www.ftcvtaekwondo.com\/wp-content\/uploads\/2024\/05\/I-OPEN-TAEKWONDO-KIDS-BETERA-1.docx\">I OPEN TAEKWONDO KIDS BETERA (1)<\/a><\/p>\t\t\t\t\t\t\t\t<\/div>\n\t\t\t\t<\/div>\n\t\t\t\t\t<\/div>\n\t\t<\/div>\n\t\t\t\t\t<\/div>\n\t\t<\/section>\n\t\t\t\t<\/div>\n\t\t","protected":false},"excerpt":{"rendered":"<p>El pr\u00f3ximo 8 de junio de 2024 tendr\u00e1 lugar la celebraci\u00f3n del I Open Taekwondo Kids B\u00e9tera organizado por el Club Taekwondo B\u00e9tera. Puedes consultar la informaci\u00f3n en la circular. I OPEN TAEKWONDO KIDS BETERA (1)<\/p>\n","protected":false},"author":1,"featured_media":8594,"parent":0,"menu_order":0,"comment_status":"closed","ping_status":"closed","template":"page-templates\/no-wrapper.php","meta":{"footnotes":""},"class_list":["post-8596","page","type-page","status-publish","has-post-thumbnail"],"_links":{"self":[{"href":"https:\/\/www.tkdcv.es\/es\/wp-json\/wp\/v2\/pages\/8596","targetHints":{"allow":["GET"]}}],"collection":[{"href":"https:\/\/www.tkdcv.es\/es\/wp-json\/wp\/v2\/pages"}],"about":[{"href":"https:\/\/www.tkdcv.es\/es\/wp-json\/wp\/v2\/types\/page"}],"author":[{"embeddable":true,"href":"https:\/\/www.tkdcv.es\/es\/wp-json\/wp\/v2\/users\/1"}],"replies":[{"embeddable":true,"href":"https:\/\/www.tkdcv.es\/es\/wp-json\/wp\/v2\/comments?post=8596"}],"version-history":[{"count":0,"href":"https:\/\/www.tkdcv.es\/es\/wp-json\/wp\/v2\/pages\/8596\/revisions"}],"wp:featuredmedia":[{"embeddable":true,"href":"https:\/\/www.tkdcv.es\/es\/wp-json\/wp\/v2\/media\/8594"}],"wp:attachment":[{"href":"https:\/\/www.tkdcv.es\/es\/wp-json\/wp\/v2\/media?parent=8596"}],"curies":[{"name":"wp","href":"https:\/\/api.w.org\/{rel}","templated":true}]}}