{"id":22676,"date":"2026-04-19T16:54:03","date_gmt":"2026-04-19T14:54:03","guid":{"rendered":"https:\/\/www.tkdcv.es\/?page_id=22676"},"modified":"2026-04-20T11:40:38","modified_gmt":"2026-04-20T09:40:38","slug":"elecciones-2026","status":"publish","type":"page","link":"https:\/\/www.tkdcv.es\/val\/elecciones-2026\/","title":{"rendered":"Elecciones 2026"},"content":{"rendered":"<div data-elementor-type=\"wp-page\" data-elementor-id=\"22676\" class=\"elementor elementor-22676\" data-elementor-post-type=\"page\">\n\t\t\t\t\t\t<section data-particle_enable=\"false\" data-particle-mobile-disabled=\"false\" class=\"has-el-gap el-gap-default elementor-section elementor-top-section elementor-element elementor-element-32602ee elementor-section-boxed elementor-section-height-default elementor-section-height-default\" data-id=\"32602ee\" data-element_type=\"section\" data-e-type=\"section\">\n\t\t\t\t\t\t<div class=\"elementor-container elementor-column-gap-no\">\n\t\t\t\t\t<div class=\"elementor-column elementor-col-100 elementor-top-column elementor-element elementor-element-646908d\" data-id=\"646908d\" data-element_type=\"column\" data-e-type=\"column\">\n\t\t\t<div class=\"elementor-widget-wrap elementor-element-populated\">\n\t\t\t\t\t\t<div class=\"elementor-element elementor-element-0c683b1 elementor-widget elementor-widget-spacer\" data-id=\"0c683b1\" data-element_type=\"widget\" data-e-type=\"widget\" data-widget_type=\"spacer.default\">\n\t\t\t\t<div class=\"elementor-widget-container\">\n\t\t\t\t\t\t\t<div class=\"elementor-spacer\">\n\t\t\t<div class=\"elementor-spacer-inner\"><\/div>\n\t\t<\/div>\n\t\t\t\t\t\t<\/div>\n\t\t\t\t<\/div>\n\t\t\t\t<div class=\"elementor-element elementor-element-517a506 elementor-widget elementor-widget-heading\" data-id=\"517a506\" data-element_type=\"widget\" data-e-type=\"widget\" data-widget_type=\"heading.default\">\n\t\t\t\t<div class=\"elementor-widget-container\">\n\t\t\t\t\t<h2 class=\"elementor-heading-title elementor-size-medium\">PROCESO ELECTORAL FTCV 2026<\/h2>\t\t\t\t<\/div>\n\t\t\t\t<\/div>\n\t\t\t\t\t<\/div>\n\t\t<\/div>\n\t\t\t\t\t<\/div>\n\t\t<\/section>\n\t\t\t\t<section data-particle_enable=\"false\" data-particle-mobile-disabled=\"false\" class=\"elementor-section elementor-top-section elementor-element elementor-element-bdfc011 elementor-section-boxed elementor-section-height-default elementor-section-height-default\" data-id=\"bdfc011\" data-element_type=\"section\" data-e-type=\"section\">\n\t\t\t\t\t\t<div class=\"elementor-container elementor-column-gap-default\">\n\t\t\t\t\t<div class=\"elementor-column elementor-col-100 elementor-top-column elementor-element elementor-element-d1107b7\" data-id=\"d1107b7\" data-element_type=\"column\" data-e-type=\"column\">\n\t\t\t<div class=\"elementor-widget-wrap elementor-element-populated\">\n\t\t\t\t\t\t<div class=\"elementor-element elementor-element-7c808d6 elementor-widget elementor-widget-heading\" data-id=\"7c808d6\" data-element_type=\"widget\" data-e-type=\"widget\" data-widget_type=\"heading.default\">\n\t\t\t\t<div class=\"elementor-widget-container\">\n\t\t\t\t\t<h2 class=\"elementor-heading-title elementor-size-default\"><p data-start=\"1581\" data-end=\"1711\" style=\"margin-bottom: 1.25rem;font-weight: 400;font-size: 16px;line-height: inherit;, Helvetica, Arial, sans-serif;text-align: justify\">La Federaci\u00f3n de Taekwondo de la Comunidad Valenciana desarrolla el proceso electoral 2026 conforme al Reglamento Electoral vigente.<\/p><p data-start=\"1713\" data-end=\"1822\" style=\"margin-bottom: 1.25rem;font-weight: 400;font-size: 16px;line-height: inherit;, Helvetica, Arial, sans-serif;text-align: justify\">En esta secci\u00f3n se publicar\u00e1 toda la documentaci\u00f3n oficial, actos y resoluciones relacionados con el proceso.<\/p><p data-start=\"1824\" data-end=\"1899\" style=\"margin-bottom: 1.25rem;font-weight: 400;font-size: 16px;line-height: inherit;, Helvetica, Arial, sans-serif;text-align: justify\">La informaci\u00f3n aqu\u00ed contenida tendr\u00e1 car\u00e1cter oficial desde su publicaci\u00f3n.<span style=\", Arial, sans-serif;font-size: 1.5em;font-weight: 700\"><\/span><\/p><\/h2>\t\t\t\t<\/div>\n\t\t\t\t<\/div>\n\t\t\t\t<div class=\"elementor-element elementor-element-9ccf70e elementor-widget-divider--view-line elementor-widget elementor-widget-divider\" data-id=\"9ccf70e\" data-element_type=\"widget\" data-e-type=\"widget\" data-widget_type=\"divider.default\">\n\t\t\t\t<div class=\"elementor-widget-container\">\n\t\t\t\t\t\t\t<div class=\"elementor-divider\">\n\t\t\t<span class=\"elementor-divider-separator\">\n\t\t\t\t\t\t<\/span>\n\t\t<\/div>\n\t\t\t\t\t\t<\/div>\n\t\t\t\t<\/div>\n\t\t\t\t<div class=\"elementor-element elementor-element-c53c94b elementor-widget elementor-widget-heading\" data-id=\"c53c94b\" data-element_type=\"widget\" data-e-type=\"widget\" data-widget_type=\"heading.default\">\n\t\t\t\t<div class=\"elementor-widget-container\">\n\t\t\t\t\t<h2 class=\"elementor-heading-title elementor-size-medium\">DOCUMENTACI\u00d3N OFICIAL<\/h2>\t\t\t\t<\/div>\n\t\t\t\t<\/div>\n\t\t\t\t<div class=\"elementor-element elementor-element-53d3638 elementor-widget elementor-widget-ts-links-list\" data-id=\"53d3638\" data-element_type=\"widget\" data-e-type=\"widget\" data-widget_type=\"ts-links-list.default\">\n\t\t\t\t<div class=\"elementor-widget-container\">\n\t\t\t\t\t\t\n\t\t<ul class=\"ts-el-list ts-el-list-inline\">\n\t\t\t\t\t\t\t<li class=\"item\">\n\t\t\t\t\t\t\t\t\t\t\t<a href=\"https:\/\/www.tkdcv.es\/wp-content\/uploads\/2026\/04\/000-Convocatoria-AGE-10.05.26-1.pdf\">\n\t\t\t\t\t\n\t\t\t\t\t<span >Convocatoria Asamblea General Extraordinaria<\/span>\n\t\t\t\t\t\n\t\t\t\t\t\t\t\t\t\t\t<\/a>\n\t\t\t\t\t\t\t\t\t<\/li>\n\t\t\t\t\t<\/ul>\n\n\t\t\t\t\t<\/div>\n\t\t\t\t<\/div>\n\t\t\t\t<div class=\"elementor-element elementor-element-82e2671 elementor-widget elementor-widget-ts-links-list\" data-id=\"82e2671\" data-element_type=\"widget\" data-e-type=\"widget\" data-widget_type=\"ts-links-list.default\">\n\t\t\t\t<div class=\"elementor-widget-container\">\n\t\t\t\t\t\t\n\t\t<ul class=\"ts-el-list ts-el-list-inline\">\n\t\t\t\t\t\t\t<li class=\"item\">\n\t\t\t\t\t\t\t\t\t\t\t<a href=\"https:\/\/www.tkdcv.es\/wp-content\/uploads\/2026\/04\/030-Reglamento_electoral_fed-2.pdf\">\n\t\t\t\t\t\n\t\t\t\t\t<span >Reglamento Electoral FTCV (Provisional)<\/span>\n\t\t\t\t\t\n\t\t\t\t\t\t\t\t\t\t\t<\/a>\n\t\t\t\t\t\t\t\t\t<\/li>\n\t\t\t\t\t<\/ul>\n\n\t\t\t\t\t<\/div>\n\t\t\t\t<\/div>\n\t\t\t\t<div class=\"elementor-element elementor-element-173fb13 elementor-widget elementor-widget-ts-links-list\" data-id=\"173fb13\" data-element_type=\"widget\" data-e-type=\"widget\" data-widget_type=\"ts-links-list.default\">\n\t\t\t\t<div class=\"elementor-widget-container\">\n\t\t\t\t\t\t\n\t\t<ul class=\"ts-el-list ts-el-list-inline\">\n\t\t\t\t\t\t\t<li class=\"item\">\n\t\t\t\t\t\t\t\t\t\t\t<a href=\"https:\/\/www.tkdcv.es\/wp-content\/uploads\/2026\/04\/031-Anexo-I-1.pdf\">\n\t\t\t\t\t\n\t\t\t\t\t<span >Anexo I (Provisional)<\/span>\n\t\t\t\t\t\n\t\t\t\t\t\t\t\t\t\t\t<\/a>\n\t\t\t\t\t\t\t\t\t<\/li>\n\t\t\t\t\t<\/ul>\n\n\t\t\t\t\t<\/div>\n\t\t\t\t<\/div>\n\t\t\t\t<div class=\"elementor-element elementor-element-dd1cada elementor-widget elementor-widget-ts-links-list\" data-id=\"dd1cada\" data-element_type=\"widget\" data-e-type=\"widget\" data-widget_type=\"ts-links-list.default\">\n\t\t\t\t<div class=\"elementor-widget-container\">\n\t\t\t\t\t\t\n\t\t<ul class=\"ts-el-list ts-el-list-inline\">\n\t\t\t\t\t\t\t<li class=\"item\">\n\t\t\t\t\t\t\t\t\t\t\t<a href=\"https:\/\/www.tkdcv.es\/wp-content\/uploads\/2026\/04\/032-Anexo-II-1.pdf\">\n\t\t\t\t\t\n\t\t\t\t\t<span >Anexo II (Provisional)<\/span>\n\t\t\t\t\t\n\t\t\t\t\t\t\t\t\t\t\t<\/a>\n\t\t\t\t\t\t\t\t\t<\/li>\n\t\t\t\t\t<\/ul>\n\n\t\t\t\t\t<\/div>\n\t\t\t\t<\/div>\n\t\t\t\t<div class=\"elementor-element elementor-element-25b4836 elementor-widget elementor-widget-ts-links-list\" data-id=\"25b4836\" data-element_type=\"widget\" data-e-type=\"widget\" data-widget_type=\"ts-links-list.default\">\n\t\t\t\t<div class=\"elementor-widget-container\">\n\t\t\t\t\t\t\n\t\t<ul class=\"ts-el-list ts-el-list-inline\">\n\t\t\t\t\t\t\t<li class=\"item\">\n\t\t\t\t\t\t\t\t\t\t\t<a href=\"https:\/\/www.tkdcv.es\/wp-content\/uploads\/2026\/04\/033-Anexo-III-1.pdf\">\n\t\t\t\t\t\n\t\t\t\t\t<span >Anexo III (Provisional)<\/span>\n\t\t\t\t\t\n\t\t\t\t\t\t\t\t\t\t\t<\/a>\n\t\t\t\t\t\t\t\t\t<\/li>\n\t\t\t\t\t<\/ul>\n\n\t\t\t\t\t<\/div>\n\t\t\t\t<\/div>\n\t\t\t\t<div class=\"elementor-element elementor-element-5193175 elementor-widget elementor-widget-ts-links-list\" data-id=\"5193175\" data-element_type=\"widget\" data-e-type=\"widget\" data-widget_type=\"ts-links-list.default\">\n\t\t\t\t<div class=\"elementor-widget-container\">\n\t\t\t\t\t\t\n\t\t<ul class=\"ts-el-list ts-el-list-inline\">\n\t\t\t\t\t\t\t<li class=\"item\">\n\t\t\t\t\t\t\t\t\t\t\t<a href=\"https:\/\/www.tkdcv.es\/wp-content\/uploads\/2026\/04\/034-Anexo-IV-1.pdf\">\n\t\t\t\t\t\n\t\t\t\t\t<span >Anexo IV (Provisional)<\/span>\n\t\t\t\t\t\n\t\t\t\t\t\t\t\t\t\t\t<\/a>\n\t\t\t\t\t\t\t\t\t<\/li>\n\t\t\t\t\t<\/ul>\n\n\t\t\t\t\t<\/div>\n\t\t\t\t<\/div>\n\t\t\t\t<div class=\"elementor-element elementor-element-9285cf0 elementor-widget-divider--view-line elementor-widget elementor-widget-divider\" data-id=\"9285cf0\" data-element_type=\"widget\" data-e-type=\"widget\" data-widget_type=\"divider.default\">\n\t\t\t\t<div class=\"elementor-widget-container\">\n\t\t\t\t\t\t\t<div class=\"elementor-divider\">\n\t\t\t<span class=\"elementor-divider-separator\">\n\t\t\t\t\t\t<\/span>\n\t\t<\/div>\n\t\t\t\t\t\t<\/div>\n\t\t\t\t<\/div>\n\t\t\t\t<div class=\"elementor-element elementor-element-7c3ca6b elementor-widget elementor-widget-heading\" data-id=\"7c3ca6b\" data-element_type=\"widget\" data-e-type=\"widget\" data-widget_type=\"heading.default\">\n\t\t\t\t<div class=\"elementor-widget-container\">\n\t\t\t\t\t<h2 class=\"elementor-heading-title elementor-size-medium\">CALENDARIO ELECTORAL<\/h2>\t\t\t\t<\/div>\n\t\t\t\t<\/div>\n\t\t\t\t<div class=\"elementor-element elementor-element-329b3cd elementor-widget elementor-widget-heading\" data-id=\"329b3cd\" data-element_type=\"widget\" data-e-type=\"widget\" data-widget_type=\"heading.default\">\n\t\t\t\t<div class=\"elementor-widget-container\">\n\t\t\t\t\t<h2 class=\"elementor-heading-title elementor-size-default\"><p data-start=\"2246\" data-end=\"2292\" style=\"margin-bottom: 1.25rem;font-weight: 400;font-size: 16px;line-height: inherit;, Helvetica, Arial, sans-serif;text-align: justify\">El calendario oficial establece los plazos de:<\/p><ul data-start=\"2294\" data-end=\"2516\" style=\"margin: 0px 0px 20px 40px;font-weight: 400;font-size: 16px;line-height: inherit;, Helvetica, Arial, sans-serif;list-style-type: square\"><li data-start=\"2294\" data-end=\"2331\" style=\"margin: 0px 0px 5px;padding: 0px;font-style: inherit;font-variant: inherit;font-weight: inherit;font-size: inherit;line-height: inherit\"><p data-start=\"2296\" data-end=\"2331\" style=\"margin-bottom: 1.25rem;font-style: inherit;font-variant: inherit;font-weight: inherit;font-size: inherit;line-height: inherit;text-align: justify\">Publicaci\u00f3n del censo provisional<\/p><\/li><li data-start=\"2332\" data-end=\"2358\" style=\"margin: 0px 0px 5px;padding: 0px;font-style: inherit;font-variant: inherit;font-weight: inherit;font-size: inherit;line-height: inherit\"><p data-start=\"2334\" data-end=\"2358\" style=\"margin-bottom: 1.25rem;font-style: inherit;font-variant: inherit;font-weight: inherit;font-size: inherit;line-height: inherit;text-align: justify\">Reclamaciones al censo<\/p><\/li><li data-start=\"2359\" data-end=\"2395\" style=\"margin: 0px 0px 5px;padding: 0px;font-style: inherit;font-variant: inherit;font-weight: inherit;font-size: inherit;line-height: inherit\"><p data-start=\"2361\" data-end=\"2395\" style=\"margin-bottom: 1.25rem;font-style: inherit;font-variant: inherit;font-weight: inherit;font-size: inherit;line-height: inherit;text-align: justify\">Publicaci\u00f3n del censo definitivo<\/p><\/li><li data-start=\"2396\" data-end=\"2428\" style=\"margin: 0px 0px 5px;padding: 0px;font-style: inherit;font-variant: inherit;font-weight: inherit;font-size: inherit;line-height: inherit\"><p data-start=\"2398\" data-end=\"2428\" style=\"margin-bottom: 1.25rem;font-style: inherit;font-variant: inherit;font-weight: inherit;font-size: inherit;line-height: inherit;text-align: justify\">Presentaci\u00f3n de candidaturas<\/p><\/li><li data-start=\"2429\" data-end=\"2470\" style=\"margin: 0px 0px 5px;padding: 0px;font-style: inherit;font-variant: inherit;font-weight: inherit;font-size: inherit;line-height: inherit\"><p data-start=\"2431\" data-end=\"2470\" style=\"margin-bottom: 1.25rem;font-style: inherit;font-variant: inherit;font-weight: inherit;font-size: inherit;line-height: inherit;text-align: justify\">Proclamaci\u00f3n provisional y definitiva<\/p><\/li><li data-start=\"2471\" data-end=\"2485\" style=\"margin: 0px 0px 5px;padding: 0px;font-style: inherit;font-variant: inherit;font-weight: inherit;font-size: inherit;line-height: inherit\"><p data-start=\"2473\" data-end=\"2485\" style=\"margin-bottom: 1.25rem;font-style: inherit;font-variant: inherit;font-weight: inherit;font-size: inherit;line-height: inherit;text-align: justify\">Votaciones<\/p><\/li><li data-start=\"2486\" data-end=\"2516\" style=\"margin: 0px 0px 5px;padding: 0px;font-style: inherit;font-variant: inherit;font-weight: inherit;font-size: inherit;line-height: inherit\"><p data-start=\"2488\" data-end=\"2516\" style=\"margin-bottom: 1.25rem;font-style: inherit;font-variant: inherit;font-weight: inherit;font-size: inherit;line-height: inherit;text-align: justify\">Proclamaci\u00f3n de resultados<\/p><\/li><\/ul><\/h2>\t\t\t\t<\/div>\n\t\t\t\t<\/div>\n\t\t\t\t<div class=\"elementor-element elementor-element-819cf2e elementor-widget elementor-widget-ts-links-list\" data-id=\"819cf2e\" data-element_type=\"widget\" data-e-type=\"widget\" data-widget_type=\"ts-links-list.default\">\n\t\t\t\t<div class=\"elementor-widget-container\">\n\t\t\t\t\t\t\n\t\t<ul class=\"ts-el-list ts-el-list-inline\">\n\t\t\t\t\t\t\t<li class=\"item\">\n\t\t\t\t\t\t\t\t\t\t\t<a href=\"https:\/\/www.tkdcv.es\/wp-content\/uploads\/2026\/04\/033-Anexo-III-1.pdf\">\n\t\t\t\t\t\n\t\t\t\t\t<span >Calendario Electoral (Provisional)<\/span>\n\t\t\t\t\t\n\t\t\t\t\t\t\t\t\t\t\t<\/a>\n\t\t\t\t\t\t\t\t\t<\/li>\n\t\t\t\t\t<\/ul>\n\n\t\t\t\t\t<\/div>\n\t\t\t\t<\/div>\n\t\t\t\t<div class=\"elementor-element elementor-element-750632d elementor-widget-divider--view-line elementor-widget elementor-widget-divider\" data-id=\"750632d\" data-element_type=\"widget\" data-e-type=\"widget\" data-widget_type=\"divider.default\">\n\t\t\t\t<div class=\"elementor-widget-container\">\n\t\t\t\t\t\t\t<div class=\"elementor-divider\">\n\t\t\t<span class=\"elementor-divider-separator\">\n\t\t\t\t\t\t<\/span>\n\t\t<\/div>\n\t\t\t\t\t\t<\/div>\n\t\t\t\t<\/div>\n\t\t\t\t<div class=\"elementor-element elementor-element-afe8921 elementor-widget elementor-widget-heading\" data-id=\"afe8921\" data-element_type=\"widget\" data-e-type=\"widget\" data-widget_type=\"heading.default\">\n\t\t\t\t<div class=\"elementor-widget-container\">\n\t\t\t\t\t<h2 class=\"elementor-heading-title elementor-size-medium\">CENSO ELECTORAL<\/h2>\t\t\t\t<\/div>\n\t\t\t\t<\/div>\n\t\t\t\t<div class=\"elementor-element elementor-element-d0ac4af elementor-widget elementor-widget-heading\" data-id=\"d0ac4af\" data-element_type=\"widget\" data-e-type=\"widget\" data-widget_type=\"heading.default\">\n\t\t\t\t<div class=\"elementor-widget-container\">\n\t\t\t\t\t<h2 class=\"elementor-heading-title elementor-size-default\"><p data-start=\"2597\" data-end=\"2671\" style=\"margin-bottom: 1.25rem;font-weight: 400;font-size: 16px;line-height: inherit;, Helvetica, Arial, sans-serif;text-align: justify\">Se publica el Censo Electoral Provisional conforme a la normativa vigente.<\/p><p data-start=\"2246\" data-end=\"2292\" style=\"margin-bottom: 1.25rem;font-weight: 400;font-size: 16px;line-height: inherit;, Helvetica, Arial, sans-serif;text-align: justify\"><span style=\", Helvetica, Arial, sans-serif;font-size: 16px\">El acceso telem\u00e1tico queda restringido a personas con licencia federativa en vigor, mediante identificaci\u00f3n previa.<\/span><span style=\", Arial, sans-serif;font-size: 1.5em;font-style: inherit;font-weight: 700\"><\/span><\/p><\/h2>\t\t\t\t<\/div>\n\t\t\t\t<\/div>\n\t\t\t\t<div class=\"elementor-element elementor-element-30edd46 elementor-widget elementor-widget-ts-links-list\" data-id=\"30edd46\" data-element_type=\"widget\" data-e-type=\"widget\" data-widget_type=\"ts-links-list.default\">\n\t\t\t\t<div class=\"elementor-widget-container\">\n\t\t\t\t\t\t\n\t\t<ul class=\"ts-el-list ts-el-list-inline\">\n\t\t\t\t\t\t\t<li class=\"item\">\n\t\t\t\t\t\t\t\t\t\t\t<a href=\"https:\/\/elecdep.edu.gva.es\/elecdep\/index\">\n\t\t\t\t\t\n\t\t\t\t\t<span >Consultar Censo<\/span>\n\t\t\t\t\t\n\t\t\t\t\t\t\t\t\t\t\t<\/a>\n\t\t\t\t\t\t\t\t\t<\/li>\n\t\t\t\t\t<\/ul>\n\n\t\t\t\t\t<\/div>\n\t\t\t\t<\/div>\n\t\t\t\t<div class=\"elementor-element elementor-element-0ba4a8c elementor-widget-divider--view-line elementor-widget elementor-widget-divider\" data-id=\"0ba4a8c\" data-element_type=\"widget\" data-e-type=\"widget\" data-widget_type=\"divider.default\">\n\t\t\t\t<div class=\"elementor-widget-container\">\n\t\t\t\t\t\t\t<div class=\"elementor-divider\">\n\t\t\t<span class=\"elementor-divider-separator\">\n\t\t\t\t\t\t<\/span>\n\t\t<\/div>\n\t\t\t\t\t\t<\/div>\n\t\t\t\t<\/div>\n\t\t\t\t<div class=\"elementor-element elementor-element-86db881 elementor-widget elementor-widget-heading\" data-id=\"86db881\" data-element_type=\"widget\" data-e-type=\"widget\" data-widget_type=\"heading.default\">\n\t\t\t\t<div class=\"elementor-widget-container\">\n\t\t\t\t\t<h2 class=\"elementor-heading-title elementor-size-medium\">JUNTA ELECTORAL<\/h2>\t\t\t\t<\/div>\n\t\t\t\t<\/div>\n\t\t\t\t<div class=\"elementor-element elementor-element-ce99f77 elementor-widget elementor-widget-heading\" data-id=\"ce99f77\" data-element_type=\"widget\" data-e-type=\"widget\" data-widget_type=\"heading.default\">\n\t\t\t\t<div class=\"elementor-widget-container\">\n\t\t\t\t\t<h2 class=\"elementor-heading-title elementor-size-default\"><p data-start=\"2987\" data-end=\"3120\" style=\"margin-bottom: 1.25rem;font-weight: 400;font-size: 16px;line-height: inherit;, Helvetica, Arial, sans-serif;text-align: justify\">La Junta Electoral Federativa ser\u00e1 el \u00f3rgano encargado de garantizar la legalidad, objetividad y transparencia del proceso electoral.<\/p><p data-start=\"3122\" data-end=\"3152\" style=\"margin-bottom: 1.25rem;font-weight: 400;font-size: 16px;line-height: inherit;, Helvetica, Arial, sans-serif;text-align: justify\">En esta secci\u00f3n se publicar\u00e1n:<\/p><ul data-start=\"3154\" data-end=\"3240\" style=\"margin: 0px 0px 20px 40px;font-weight: 400;font-size: 16px;line-height: inherit;, Helvetica, Arial, sans-serif;list-style-type: square\"><li data-start=\"3154\" data-end=\"3163\" style=\"margin: 0px 0px 5px;padding: 0px;font-style: inherit;font-variant: inherit;font-weight: inherit;font-size: inherit;line-height: inherit\"><p data-start=\"3156\" data-end=\"3163\" style=\"margin-bottom: 1.25rem;font-style: inherit;font-variant: inherit;font-weight: inherit;font-size: inherit;line-height: inherit;text-align: justify\">Actas<\/p><\/li><li data-start=\"3164\" data-end=\"3180\" style=\"margin: 0px 0px 5px;padding: 0px;font-style: inherit;font-variant: inherit;font-weight: inherit;font-size: inherit;line-height: inherit\"><p data-start=\"3166\" data-end=\"3180\" style=\"margin-bottom: 1.25rem;font-style: inherit;font-variant: inherit;font-weight: inherit;font-size: inherit;line-height: inherit;text-align: justify\">Resoluciones<\/p><\/li><li data-start=\"3181\" data-end=\"3199\" style=\"margin: 0px 0px 5px;padding: 0px;font-style: inherit;font-variant: inherit;font-weight: inherit;font-size: inherit;line-height: inherit\"><p data-start=\"3183\" data-end=\"3199\" style=\"margin-bottom: 1.25rem;font-style: inherit;font-variant: inherit;font-weight: inherit;font-size: inherit;line-height: inherit;text-align: justify\">Proclamaciones<\/p><\/li><\/ul><p data-start=\"2597\" data-end=\"2671\" style=\"margin-bottom: 1.25rem;font-weight: 400;font-size: 16px;line-height: inherit;, Helvetica, Arial, sans-serif;text-align: justify\"><span style=\", Arial, sans-serif;font-size: 1.5em;font-weight: 700\"><\/span><\/p><\/h2>\t\t\t\t<\/div>\n\t\t\t\t<\/div>\n\t\t\t\t<div class=\"elementor-element elementor-element-62e4ff7 elementor-widget elementor-widget-ts-links-list\" data-id=\"62e4ff7\" data-element_type=\"widget\" data-e-type=\"widget\" data-widget_type=\"ts-links-list.default\">\n\t\t\t\t<div class=\"elementor-widget-container\">\n\t\t\t\t\t\t\n\t\t<ul class=\"ts-el-list ts-el-list-inline\">\n\t\t\t\t\t\t\t<li class=\"item\">\n\t\t\t\t\t\n\t\t\t\t\t<span >Listados Provisionales y Definitivos<\/span>\n\t\t\t\t\t\n\t\t\t\t\t\t\t\t\t<\/li>\n\t\t\t\t\t<\/ul>\n\n\t\t\t\t\t<\/div>\n\t\t\t\t<\/div>\n\t\t\t\t<div class=\"elementor-element elementor-element-5c63e96 elementor-widget-divider--view-line elementor-widget elementor-widget-divider\" data-id=\"5c63e96\" data-element_type=\"widget\" data-e-type=\"widget\" data-widget_type=\"divider.default\">\n\t\t\t\t<div class=\"elementor-widget-container\">\n\t\t\t\t\t\t\t<div class=\"elementor-divider\">\n\t\t\t<span class=\"elementor-divider-separator\">\n\t\t\t\t\t\t<\/span>\n\t\t<\/div>\n\t\t\t\t\t\t<\/div>\n\t\t\t\t<\/div>\n\t\t\t\t\t<\/div>\n\t\t<\/div>\n\t\t\t\t\t<\/div>\n\t\t<\/section>\n\t\t\t\t<\/div>","protected":false},"excerpt":{"rendered":"<p>PROCESO ELECTORAL FTCV 2026 La Federaci\u00f3n de Taekwondo de la Comunidad Valenciana desarrolla el proceso electoral 2026 conforme al Reglamento Electoral vigente. En esta secci\u00f3n se publicar\u00e1 toda la documentaci\u00f3n oficial, actos y resoluciones relacionados con el proceso. La informaci\u00f3n aqu\u00ed contenida tendr\u00e1 car\u00e1cter oficial desde su publicaci\u00f3n. DOCUMENTACI\u00d3N OFICIAL Convocatoria Asamblea General Extraordinaria Reglamento<\/p>","protected":false},"author":5,"featured_media":0,"parent":0,"menu_order":0,"comment_status":"closed","ping_status":"closed","template":"page-templates\/no-wrapper.php","meta":{"footnotes":""},"class_list":["post-22676","page","type-page","status-publish"],"_links":{"self":[{"href":"https:\/\/www.tkdcv.es\/val\/wp-json\/wp\/v2\/pages\/22676","targetHints":{"allow":["GET"]}}],"collection":[{"href":"https:\/\/www.tkdcv.es\/val\/wp-json\/wp\/v2\/pages"}],"about":[{"href":"https:\/\/www.tkdcv.es\/val\/wp-json\/wp\/v2\/types\/page"}],"author":[{"embeddable":true,"href":"https:\/\/www.tkdcv.es\/val\/wp-json\/wp\/v2\/users\/5"}],"replies":[{"embeddable":true,"href":"https:\/\/www.tkdcv.es\/val\/wp-json\/wp\/v2\/comments?post=22676"}],"version-history":[{"count":0,"href":"https:\/\/www.tkdcv.es\/val\/wp-json\/wp\/v2\/pages\/22676\/revisions"}],"wp:attachment":[{"href":"https:\/\/www.tkdcv.es\/val\/wp-json\/wp\/v2\/media?parent=22676"}],"curies":[{"name":"wp","href":"https:\/\/api.w.org\/{rel}","templated":true}]}}