{"id":5107,"date":"2023-07-29T11:38:41","date_gmt":"2023-07-29T16:38:41","guid":{"rendered":"https:\/\/www.ftcvtaekwondo.com\/?page_id=5107"},"modified":"2023-11-08T00:33:59","modified_gmt":"2023-11-07T22:33:59","slug":"galeria","status":"publish","type":"page","link":"https:\/\/www.tkdcv.es\/val\/galeria\/","title":{"rendered":"Galeria"},"content":{"rendered":"<div data-elementor-type=\"wp-page\" data-elementor-id=\"5107\" class=\"elementor elementor-5107\" data-elementor-post-type=\"page\">\n\t\t\t\t\t\t<section data-particle_enable=\"false\" data-particle-mobile-disabled=\"false\" class=\"elementor-section elementor-top-section elementor-element elementor-element-4797452 elementor-section-boxed elementor-section-height-default elementor-section-height-default\" data-id=\"4797452\" data-element_type=\"section\" data-e-type=\"section\">\n\t\t\t\t\t\t<div class=\"elementor-container elementor-column-gap-default\">\n\t\t\t\t\t<div class=\"elementor-column elementor-col-100 elementor-top-column elementor-element elementor-element-2728b03\" data-id=\"2728b03\" data-element_type=\"column\" data-e-type=\"column\">\n\t\t\t<div class=\"elementor-widget-wrap elementor-element-populated\">\n\t\t\t\t\t\t<div class=\"elementor-element elementor-element-2e77e54 elementor-widget elementor-widget-spacer\" data-id=\"2e77e54\" data-element_type=\"widget\" data-e-type=\"widget\" data-widget_type=\"spacer.default\">\n\t\t\t\t<div class=\"elementor-widget-container\">\n\t\t\t\t\t\t\t<div class=\"elementor-spacer\">\n\t\t\t<div class=\"elementor-spacer-inner\"><\/div>\n\t\t<\/div>\n\t\t\t\t\t\t<\/div>\n\t\t\t\t<\/div>\n\t\t\t\t<div class=\"elementor-element elementor-element-8e61764 elementor-widget elementor-widget-heading\" data-id=\"8e61764\" data-element_type=\"widget\" data-e-type=\"widget\" data-widget_type=\"heading.default\">\n\t\t\t\t<div class=\"elementor-widget-container\">\n\t\t\t\t\t<h2 class=\"elementor-heading-title elementor-size-medium\">GALERIA<\/h2>\t\t\t\t<\/div>\n\t\t\t\t<\/div>\n\t\t\t\t<div class=\"elementor-element elementor-element-37ffe6b elementor-widget elementor-widget-spacer\" data-id=\"37ffe6b\" data-element_type=\"widget\" data-e-type=\"widget\" data-widget_type=\"spacer.default\">\n\t\t\t\t<div class=\"elementor-widget-container\">\n\t\t\t\t\t\t\t<div class=\"elementor-spacer\">\n\t\t\t<div class=\"elementor-spacer-inner\"><\/div>\n\t\t<\/div>\n\t\t\t\t\t\t<\/div>\n\t\t\t\t<\/div>\n\t\t\t\t\t<\/div>\n\t\t<\/div>\n\t\t\t\t\t<\/div>\n\t\t<\/section>\n\t\t\t\t<section data-particle_enable=\"false\" data-particle-mobile-disabled=\"false\" class=\"elementor-section elementor-top-section elementor-element elementor-element-005d7e1 elementor-section-boxed elementor-section-height-default elementor-section-height-default\" data-id=\"005d7e1\" data-element_type=\"section\" data-e-type=\"section\">\n\t\t\t\t\t\t<div class=\"elementor-container elementor-column-gap-default\">\n\t\t\t\t\t<div class=\"elementor-column elementor-col-100 elementor-top-column elementor-element elementor-element-de6ba45\" data-id=\"de6ba45\" data-element_type=\"column\" data-e-type=\"column\">\n\t\t\t<div class=\"elementor-widget-wrap elementor-element-populated\">\n\t\t\t\t\t\t<div class=\"elementor-element elementor-element-94fdebc elementor-widget elementor-widget-htmega-imagemasonryd-addons\" data-id=\"94fdebc\" data-element_type=\"widget\" data-e-type=\"widget\" data-widget_type=\"htmega-imagemasonryd-addons.default\">\n\t\t\t\t<div class=\"elementor-widget-container\">\n\t\t\t\t\t            <div class=\"htmega-masonry-activation htmega-gridimage-area htmega-image-gridstyle-1\" style=\"display:none;\">\n                <div class=\"htb-row masonry-wrap\" id=\"sid94fdebc\">\n                    <div class='masonary-sizer htb-col-1'><\/div>\n                                                <div class=\"htb-col-md-4 htb-col-sm-6 htb-col-12 masonary-item\">\n                                <div class=\"htmega-singleimage-grid htmega-singleimage-gridstyle-1\" >\n                                    <div class=\"thumb\">\n                                        <a href=\"https:\/\/www.ftcvtaekwondo.com\/wp-admin\/post.php?post=6889&#038;action=elementor\"><img fetchpriority=\"high\" decoding=\"async\" width=\"1024\" height=\"683\" src=\"data:image\/svg+xml;base64,PHN2ZyB2aWV3Qm94PScwIDAgMTAyNCA2ODMnIHhtbG5zPSdodHRwOi8vd3d3LnczLm9yZy8yMDAwL3N2Zyc+PC9zdmc+\" class=\"attachment-large size-large wp-image-6354 lazyload\" alt=\"\" sizes=\"(max-width: 1024px) 100vw, 1024px\" data-srcset=\"https:\/\/www.tkdcv.es\/wp-content\/uploads\/2023\/08\/persisted.404d6b88-3562-00c0-df23-33792961c414.IMG_8068-12-1024x683.jpg 1024w, https:\/\/www.tkdcv.es\/wp-content\/uploads\/2023\/08\/persisted.404d6b88-3562-00c0-df23-33792961c414.IMG_8068-12-300x200.jpg 300w, https:\/\/www.tkdcv.es\/wp-content\/uploads\/2023\/08\/persisted.404d6b88-3562-00c0-df23-33792961c414.IMG_8068-12-768x512.jpg 768w, https:\/\/www.tkdcv.es\/wp-content\/uploads\/2023\/08\/persisted.404d6b88-3562-00c0-df23-33792961c414.IMG_8068-12-1536x1024.jpg 1536w, https:\/\/www.tkdcv.es\/wp-content\/uploads\/2023\/08\/persisted.404d6b88-3562-00c0-df23-33792961c414.IMG_8068-12-18x12.jpg 18w, https:\/\/www.tkdcv.es\/wp-content\/uploads\/2023\/08\/persisted.404d6b88-3562-00c0-df23-33792961c414.IMG_8068-12-150x100.jpg 150w, https:\/\/www.tkdcv.es\/wp-content\/uploads\/2023\/08\/persisted.404d6b88-3562-00c0-df23-33792961c414.IMG_8068-12-450x300.jpg 450w, https:\/\/www.tkdcv.es\/wp-content\/uploads\/2023\/08\/persisted.404d6b88-3562-00c0-df23-33792961c414.IMG_8068-12-1200x800.jpg 1200w, https:\/\/www.tkdcv.es\/wp-content\/uploads\/2023\/08\/persisted.404d6b88-3562-00c0-df23-33792961c414.IMG_8068-12.jpg 1600w\" data-src=\"https:\/\/www.tkdcv.es\/wp-content\/uploads\/2023\/08\/persisted.404d6b88-3562-00c0-df23-33792961c414.IMG_8068-12-1024x683.jpg\" \/><\/a>                                    <\/div>\n                                                                            <div class=\"image-grid-content\">\n                                            <div class=\"hover-action\">\n                                                <h2>Campeonato auton\u00f3mico <\/h2><p>Campionat Auton\u00f2mic Poomsae 2019\/2020<\/p><a class=\"read-btn\" href=\"https:\/\/www.ftcvtaekwondo.com\/wp-admin\/post.php?post=6889&#038;action=elementor\">Galeria<\/a>                                            <\/div>\n                                        <\/div>\n                                                                    <\/div>\n                            <\/div>\n\n                                                    <div class=\"htb-col-md-4 htb-col-sm-6 htb-col-12 masonary-item\">\n                                <div class=\"htmega-singleimage-grid htmega-singleimage-gridstyle-1\" >\n                                    <div class=\"thumb\">\n                                        <a href=\"#\"><img decoding=\"async\" width=\"1600\" height=\"1066\" src=\"data:image\/svg+xml;base64,PHN2ZyB2aWV3Qm94PScwIDAgMjA0OCAyMDQ4JyB4bWxucz0naHR0cDovL3d3dy53My5vcmcvMjAwMC9zdmcnPjwvc3ZnPg==\" class=\"attachment-2048x2048 size-2048x2048 wp-image-6360 lazyload\" alt=\"\" sizes=\"(max-width: 1600px) 100vw, 1600px\" data-srcset=\"https:\/\/www.tkdcv.es\/wp-content\/uploads\/2023\/08\/persisted.6a867768-608a-eced-92c4-23bb46736424.IMG_9886-22.jpg 1600w, https:\/\/www.tkdcv.es\/wp-content\/uploads\/2023\/08\/persisted.6a867768-608a-eced-92c4-23bb46736424.IMG_9886-22-300x200.jpg 300w, https:\/\/www.tkdcv.es\/wp-content\/uploads\/2023\/08\/persisted.6a867768-608a-eced-92c4-23bb46736424.IMG_9886-22-1024x682.jpg 1024w, https:\/\/www.tkdcv.es\/wp-content\/uploads\/2023\/08\/persisted.6a867768-608a-eced-92c4-23bb46736424.IMG_9886-22-768x512.jpg 768w, https:\/\/www.tkdcv.es\/wp-content\/uploads\/2023\/08\/persisted.6a867768-608a-eced-92c4-23bb46736424.IMG_9886-22-1536x1023.jpg 1536w, https:\/\/www.tkdcv.es\/wp-content\/uploads\/2023\/08\/persisted.6a867768-608a-eced-92c4-23bb46736424.IMG_9886-22-18x12.jpg 18w, https:\/\/www.tkdcv.es\/wp-content\/uploads\/2023\/08\/persisted.6a867768-608a-eced-92c4-23bb46736424.IMG_9886-22-150x100.jpg 150w, https:\/\/www.tkdcv.es\/wp-content\/uploads\/2023\/08\/persisted.6a867768-608a-eced-92c4-23bb46736424.IMG_9886-22-450x300.jpg 450w, https:\/\/www.tkdcv.es\/wp-content\/uploads\/2023\/08\/persisted.6a867768-608a-eced-92c4-23bb46736424.IMG_9886-22-1200x800.jpg 1200w\" data-src=\"https:\/\/www.tkdcv.es\/wp-content\/uploads\/2023\/08\/persisted.6a867768-608a-eced-92c4-23bb46736424.IMG_9886-22.jpg\" \/><\/a>                                    <\/div>\n                                                                            <div class=\"image-grid-content\">\n                                            <div class=\"hover-action\">\n                                                <h2>II Jornada de liga<\/h2><p>II Jornada Lliga Poomsae 2019\/2020<\/p><a class=\"read-btn\" href=\"#\">Galeria<\/a>                                            <\/div>\n                                        <\/div>\n                                                                    <\/div>\n                            <\/div>\n\n                                                    <div class=\"htb-col-md-4 htb-col-sm-6 htb-col-12 masonary-item\">\n                                <div class=\"htmega-singleimage-grid htmega-singleimage-gridstyle-1\" >\n                                    <div class=\"thumb\">\n                                        <a href=\"#\"><img decoding=\"async\" width=\"1600\" height=\"1066\" src=\"data:image\/svg+xml;base64,PHN2ZyB2aWV3Qm94PScwIDAgMjA0OCAyMDQ4JyB4bWxucz0naHR0cDovL3d3dy53My5vcmcvMjAwMC9zdmcnPjwvc3ZnPg==\" class=\"attachment-2048x2048 size-2048x2048 wp-image-6361 lazyload\" alt=\"\" sizes=\"(max-width: 1600px) 100vw, 1600px\" data-srcset=\"https:\/\/www.tkdcv.es\/wp-content\/uploads\/2023\/08\/persisted.dda3586a-e3fb-5ee0-c9e3-4a6e9de38309.IMG_1871-22.jpg 1600w, https:\/\/www.tkdcv.es\/wp-content\/uploads\/2023\/08\/persisted.dda3586a-e3fb-5ee0-c9e3-4a6e9de38309.IMG_1871-22-300x200.jpg 300w, https:\/\/www.tkdcv.es\/wp-content\/uploads\/2023\/08\/persisted.dda3586a-e3fb-5ee0-c9e3-4a6e9de38309.IMG_1871-22-1024x682.jpg 1024w, https:\/\/www.tkdcv.es\/wp-content\/uploads\/2023\/08\/persisted.dda3586a-e3fb-5ee0-c9e3-4a6e9de38309.IMG_1871-22-768x512.jpg 768w, https:\/\/www.tkdcv.es\/wp-content\/uploads\/2023\/08\/persisted.dda3586a-e3fb-5ee0-c9e3-4a6e9de38309.IMG_1871-22-1536x1023.jpg 1536w, https:\/\/www.tkdcv.es\/wp-content\/uploads\/2023\/08\/persisted.dda3586a-e3fb-5ee0-c9e3-4a6e9de38309.IMG_1871-22-18x12.jpg 18w, https:\/\/www.tkdcv.es\/wp-content\/uploads\/2023\/08\/persisted.dda3586a-e3fb-5ee0-c9e3-4a6e9de38309.IMG_1871-22-150x100.jpg 150w, https:\/\/www.tkdcv.es\/wp-content\/uploads\/2023\/08\/persisted.dda3586a-e3fb-5ee0-c9e3-4a6e9de38309.IMG_1871-22-450x300.jpg 450w, https:\/\/www.tkdcv.es\/wp-content\/uploads\/2023\/08\/persisted.dda3586a-e3fb-5ee0-c9e3-4a6e9de38309.IMG_1871-22-1200x800.jpg 1200w\" data-src=\"https:\/\/www.tkdcv.es\/wp-content\/uploads\/2023\/08\/persisted.dda3586a-e3fb-5ee0-c9e3-4a6e9de38309.IMG_1871-22.jpg\" \/><\/a>                                    <\/div>\n                                                                            <div class=\"image-grid-content\">\n                                            <div class=\"hover-action\">\n                                                <h2>I Jornada liga<\/h2><p>I Jornada Liga Poomsae 2019\/2020<\/p><a class=\"read-btn\" href=\"#\">Galeria<\/a>                                            <\/div>\n                                        <\/div>\n                                                                    <\/div>\n                            <\/div>\n\n                                        <\/div>\n            <\/div>\n \n        \t\t\t\t<\/div>\n\t\t\t\t<\/div>\n\t\t\t\t<div class=\"elementor-element elementor-element-a624bee elementor-widget elementor-widget-htmega-imagemasonryd-addons\" data-id=\"a624bee\" data-element_type=\"widget\" data-e-type=\"widget\" data-widget_type=\"htmega-imagemasonryd-addons.default\">\n\t\t\t\t<div class=\"elementor-widget-container\">\n\t\t\t\t\t            <div class=\"htmega-masonry-activation htmega-gridimage-area htmega-image-gridstyle-1\" style=\"display:none;\">\n                <div class=\"htb-row masonry-wrap\" id=\"sida624bee\">\n                    <div class='masonary-sizer htb-col-1'><\/div>\n                                                <div class=\"htb-col-md-4 htb-col-sm-6 htb-col-12 masonary-item\">\n                                <div class=\"htmega-singleimage-grid htmega-singleimage-gridstyle-1\" >\n                                    <div class=\"thumb\">\n                                        <a href=\"https:\/\/www.ftcvtaekwondo.com\/es\/inauguracion\/\"><img loading=\"lazy\" decoding=\"async\" width=\"1024\" height=\"684\" src=\"data:image\/svg+xml;base64,PHN2ZyB2aWV3Qm94PScwIDAgMTAyNCAxMDI0JyB4bWxucz0naHR0cDovL3d3dy53My5vcmcvMjAwMC9zdmcnPjwvc3ZnPg==\" class=\"attachment-large size-large wp-image-6925 lazyload\" alt=\"\" sizes=\"(max-width: 1024px) 100vw, 1024px\" data-srcset=\"https:\/\/www.tkdcv.es\/wp-content\/uploads\/2023\/11\/OpenTaekwondo2010202326.jpg 1024w, https:\/\/www.tkdcv.es\/wp-content\/uploads\/2023\/11\/OpenTaekwondo2010202326-300x200.jpg 300w, https:\/\/www.tkdcv.es\/wp-content\/uploads\/2023\/11\/OpenTaekwondo2010202326-768x513.jpg 768w, https:\/\/www.tkdcv.es\/wp-content\/uploads\/2023\/11\/OpenTaekwondo2010202326-18x12.jpg 18w, https:\/\/www.tkdcv.es\/wp-content\/uploads\/2023\/11\/OpenTaekwondo2010202326-150x100.jpg 150w, https:\/\/www.tkdcv.es\/wp-content\/uploads\/2023\/11\/OpenTaekwondo2010202326-450x301.jpg 450w\" data-src=\"https:\/\/www.tkdcv.es\/wp-content\/uploads\/2023\/11\/OpenTaekwondo2010202326.jpg\" \/><\/a>                                    <\/div>\n                                                                            <div class=\"image-grid-content\">\n                                            <div class=\"hover-action\">\n                                                <h2>Inaguraci\u00f3n <\/h2><p>Cerim\u00f2nia Inauguraci\u00f3 Open CV<\/p><a class=\"read-btn\" href=\"https:\/\/www.ftcvtaekwondo.com\/es\/inauguracion\/\">Galeria<\/a>                                            <\/div>\n                                        <\/div>\n                                                                    <\/div>\n                            <\/div>\n\n                                                    <div class=\"htb-col-md-4 htb-col-sm-6 htb-col-12 masonary-item\">\n                                <div class=\"htmega-singleimage-grid htmega-singleimage-gridstyle-1\" >\n                                    <div class=\"thumb\">\n                                        <a href=\"https:\/\/www.ftcvtaekwondo.com\/es\/combatecv\/\"><img loading=\"lazy\" decoding=\"async\" width=\"1024\" height=\"684\" src=\"data:image\/svg+xml;base64,PHN2ZyB2aWV3Qm94PScwIDAgMTAyNCAxMDI0JyB4bWxucz0naHR0cDovL3d3dy53My5vcmcvMjAwMC9zdmcnPjwvc3ZnPg==\" class=\"attachment-large size-large wp-image-8185 lazyload\" alt=\"\" sizes=\"(max-width: 1024px) 100vw, 1024px\" data-srcset=\"https:\/\/www.tkdcv.es\/wp-content\/uploads\/2023\/11\/OpenTaekwondo21102023188-1.jpg 1024w, https:\/\/www.tkdcv.es\/wp-content\/uploads\/2023\/11\/OpenTaekwondo21102023188-1-300x200.jpg 300w, https:\/\/www.tkdcv.es\/wp-content\/uploads\/2023\/11\/OpenTaekwondo21102023188-1-768x513.jpg 768w, https:\/\/www.tkdcv.es\/wp-content\/uploads\/2023\/11\/OpenTaekwondo21102023188-1-18x12.jpg 18w, https:\/\/www.tkdcv.es\/wp-content\/uploads\/2023\/11\/OpenTaekwondo21102023188-1-150x100.jpg 150w, https:\/\/www.tkdcv.es\/wp-content\/uploads\/2023\/11\/OpenTaekwondo21102023188-1-450x301.jpg 450w\" data-src=\"https:\/\/www.tkdcv.es\/wp-content\/uploads\/2023\/11\/OpenTaekwondo21102023188-1.jpg\" \/><\/a>                                    <\/div>\n                                                                            <div class=\"image-grid-content\">\n                                            <div class=\"hover-action\">\n                                                <h2>Combate <\/h2><p>Open CV 2023 Combat <\/p><a class=\"read-btn\" href=\"https:\/\/www.ftcvtaekwondo.com\/es\/combatecv\/\">Galeria<\/a>                                            <\/div>\n                                        <\/div>\n                                                                    <\/div>\n                            <\/div>\n\n                                                    <div class=\"htb-col-md-4 htb-col-sm-6 htb-col-12 masonary-item\">\n                                <div class=\"htmega-singleimage-grid htmega-singleimage-gridstyle-1\" >\n                                    <div class=\"thumb\">\n                                        <a href=\"https:\/\/www.ftcvtaekwondo.com\/es\/poomsaecv\/\"><img loading=\"lazy\" decoding=\"async\" width=\"1024\" height=\"683\" src=\"data:image\/svg+xml;base64,PHN2ZyB2aWV3Qm94PScwIDAgMjA0OCAyMDQ4JyB4bWxucz0naHR0cDovL3d3dy53My5vcmcvMjAwMC9zdmcnPjwvc3ZnPg==\" class=\"attachment-2048x2048 size-2048x2048 wp-image-8187 lazyload\" alt=\"\" sizes=\"(max-width: 1024px) 100vw, 1024px\" data-srcset=\"https:\/\/www.tkdcv.es\/wp-content\/uploads\/2023\/11\/OpenTaekwondo22102023-59-1.jpg 1024w, https:\/\/www.tkdcv.es\/wp-content\/uploads\/2023\/11\/OpenTaekwondo22102023-59-1-300x200.jpg 300w, https:\/\/www.tkdcv.es\/wp-content\/uploads\/2023\/11\/OpenTaekwondo22102023-59-1-768x512.jpg 768w, https:\/\/www.tkdcv.es\/wp-content\/uploads\/2023\/11\/OpenTaekwondo22102023-59-1-18x12.jpg 18w, https:\/\/www.tkdcv.es\/wp-content\/uploads\/2023\/11\/OpenTaekwondo22102023-59-1-150x100.jpg 150w, https:\/\/www.tkdcv.es\/wp-content\/uploads\/2023\/11\/OpenTaekwondo22102023-59-1-450x300.jpg 450w\" data-src=\"https:\/\/www.tkdcv.es\/wp-content\/uploads\/2023\/11\/OpenTaekwondo22102023-59-1.jpg\" \/><\/a>                                    <\/div>\n                                                                            <div class=\"image-grid-content\">\n                                            <div class=\"hover-action\">\n                                                <h2>POOMSAE<\/h2><p>Open CV  2023   Poomsae <\/p><a class=\"read-btn\" href=\"https:\/\/www.ftcvtaekwondo.com\/es\/poomsaecv\/\">Galeria<\/a>                                            <\/div>\n                                        <\/div>\n                                                                    <\/div>\n                            <\/div>\n\n                                        <\/div>\n            <\/div>\n \n        \t\t\t\t<\/div>\n\t\t\t\t<\/div>\n\t\t\t\t\t<\/div>\n\t\t<\/div>\n\t\t\t\t\t<\/div>\n\t\t<\/section>\n\t\t\t\t<section data-particle_enable=\"false\" data-particle-mobile-disabled=\"false\" class=\"elementor-section elementor-top-section elementor-element elementor-element-0e7ec4c elementor-section-boxed elementor-section-height-default elementor-section-height-default\" data-id=\"0e7ec4c\" data-element_type=\"section\" data-e-type=\"section\">\n\t\t\t\t\t\t<div class=\"elementor-container elementor-column-gap-default\">\n\t\t\t\t\t<div class=\"elementor-column elementor-col-100 elementor-top-column elementor-element elementor-element-2a2751e\" data-id=\"2a2751e\" data-element_type=\"column\" data-e-type=\"column\">\n\t\t\t<div class=\"elementor-widget-wrap\">\n\t\t\t\t\t\t\t<\/div>\n\t\t<\/div>\n\t\t\t\t\t<\/div>\n\t\t<\/section>\n\t\t\t\t<\/div>","protected":false},"excerpt":{"rendered":"<p>GALER\u00cdA Campeonato auton\u00f3mico Campeonato Auton\u00f3mico Poomsae 2019\/2020 Galer\u00eda II Jornada de liga II Jornada Liga Poomsae 2019\/2020 Galer\u00eda I Jornada liga I Jornada Liga Poomsae 2019\/2020 Galer\u00eda Inaguraci\u00f3n Ceremonia Inauguraci\u00f3n Open CV Galer\u00eda Combate Open CV 2023 Combate Galer\u00eda POOMSAE Open CV 2023 Poomsae Galer\u00eda<\/p>","protected":false},"author":1,"featured_media":0,"parent":0,"menu_order":0,"comment_status":"closed","ping_status":"closed","template":"page-templates\/no-wrapper.php","meta":{"footnotes":""},"class_list":["post-5107","page","type-page","status-publish"],"_links":{"self":[{"href":"https:\/\/www.tkdcv.es\/val\/wp-json\/wp\/v2\/pages\/5107","targetHints":{"allow":["GET"]}}],"collection":[{"href":"https:\/\/www.tkdcv.es\/val\/wp-json\/wp\/v2\/pages"}],"about":[{"href":"https:\/\/www.tkdcv.es\/val\/wp-json\/wp\/v2\/types\/page"}],"author":[{"embeddable":true,"href":"https:\/\/www.tkdcv.es\/val\/wp-json\/wp\/v2\/users\/1"}],"replies":[{"embeddable":true,"href":"https:\/\/www.tkdcv.es\/val\/wp-json\/wp\/v2\/comments?post=5107"}],"version-history":[{"count":0,"href":"https:\/\/www.tkdcv.es\/val\/wp-json\/wp\/v2\/pages\/5107\/revisions"}],"wp:attachment":[{"href":"https:\/\/www.tkdcv.es\/val\/wp-json\/wp\/v2\/media?parent=5107"}],"curies":[{"name":"wp","href":"https:\/\/api.w.org\/{rel}","templated":true}]}}