{"id":5161,"date":"2023-07-29T12:33:45","date_gmt":"2023-07-29T17:33:45","guid":{"rendered":"https:\/\/www.ftcvtaekwondo.com\/?page_id=5161"},"modified":"2026-03-04T13:39:19","modified_gmt":"2026-03-04T12:39:19","slug":"politica-de-cookies","status":"publish","type":"page","link":"https:\/\/www.tkdcv.es\/val\/politica-de-cookies\/","title":{"rendered":"Pol\u00edtica de cookies"},"content":{"rendered":"<div data-elementor-type=\"wp-page\" data-elementor-id=\"5161\" class=\"elementor elementor-5161\" data-elementor-post-type=\"page\">\n\t\t\t\t\t\t<section data-particle_enable=\"false\" data-particle-mobile-disabled=\"false\" class=\"has-el-gap el-gap-default elementor-section elementor-top-section elementor-element elementor-element-b6c97f0 elementor-section-boxed elementor-section-height-default elementor-section-height-default\" data-id=\"b6c97f0\" data-element_type=\"section\" data-e-type=\"section\">\n\t\t\t\t\t\t<div class=\"elementor-container elementor-column-gap-no\">\n\t\t\t\t\t<div class=\"elementor-column elementor-col-100 elementor-top-column elementor-element elementor-element-255037e\" data-id=\"255037e\" data-element_type=\"column\" data-e-type=\"column\">\n\t\t\t<div class=\"elementor-widget-wrap elementor-element-populated\">\n\t\t\t\t\t\t<div class=\"elementor-element elementor-element-5763a13 elementor-widget elementor-widget-spacer\" data-id=\"5763a13\" data-element_type=\"widget\" data-e-type=\"widget\" data-widget_type=\"spacer.default\">\n\t\t\t\t<div class=\"elementor-widget-container\">\n\t\t\t\t\t\t\t<div class=\"elementor-spacer\">\n\t\t\t<div class=\"elementor-spacer-inner\"><\/div>\n\t\t<\/div>\n\t\t\t\t\t\t<\/div>\n\t\t\t\t<\/div>\n\t\t\t\t<section data-particle_enable=\"false\" data-particle-mobile-disabled=\"false\" class=\"has-el-gap el-gap-default elementor-section elementor-inner-section elementor-element elementor-element-7465b44 elementor-section-boxed elementor-section-height-default elementor-section-height-default\" data-id=\"7465b44\" data-element_type=\"section\" data-e-type=\"section\">\n\t\t\t\t\t\t<div class=\"elementor-container elementor-column-gap-no\">\n\t\t\t\t\t<div class=\"elementor-column elementor-col-50 elementor-inner-column elementor-element elementor-element-cf82cbc\" data-id=\"cf82cbc\" data-element_type=\"column\" data-e-type=\"column\">\n\t\t\t<div class=\"elementor-widget-wrap elementor-element-populated\">\n\t\t\t\t\t\t<div class=\"elementor-element elementor-element-d88138e elementor-widget elementor-widget-spacer\" data-id=\"d88138e\" data-element_type=\"widget\" data-e-type=\"widget\" data-widget_type=\"spacer.default\">\n\t\t\t\t<div class=\"elementor-widget-container\">\n\t\t\t\t\t\t\t<div class=\"elementor-spacer\">\n\t\t\t<div class=\"elementor-spacer-inner\"><\/div>\n\t\t<\/div>\n\t\t\t\t\t\t<\/div>\n\t\t\t\t<\/div>\n\t\t\t\t\t<\/div>\n\t\t<\/div>\n\t\t\t\t<div class=\"elementor-column elementor-col-50 elementor-inner-column elementor-element elementor-element-607a3a8\" data-id=\"607a3a8\" data-element_type=\"column\" data-e-type=\"column\">\n\t\t\t<div class=\"elementor-widget-wrap elementor-element-populated\">\n\t\t\t\t\t\t<div class=\"elementor-element elementor-element-63c0598 elementor-widget elementor-widget-text-editor\" data-id=\"63c0598\" data-element_type=\"widget\" data-e-type=\"widget\" data-widget_type=\"text-editor.default\">\n\t\t\t\t<div class=\"elementor-widget-container\">\n\t\t\t\t\t\t\t\t\t<h2 style=\"padding-top: 15px; padding-bottom: 5px; outline: none; font-family: 'Open Sans', sans-serif; font-weight: bold; line-height: 33px; color: #313947; font-size: 35px; font-variant-numeric: inherit; font-variant-east-asian: inherit; font-variant-alternates: inherit; font-stretch: inherit; font-optical-sizing: inherit; font-kerning: inherit; font-feature-settings: inherit; font-variation-settings: inherit; text-transform: uppercase; background: url('..\/images\/comunes\/bg_title.png') left top no-repeat;\">\u00bfQU\u00c9 SON LAS COOKIES Y C\u00d3MO<\/h2>\n<h2 style=\"padding-top: 15px; padding-bottom: 5px; outline: none; font-family: 'Open Sans', sans-serif; font-weight: bold; line-height: 33px; color: #313947; font-size: 35px; font-variant-numeric: inherit; font-variant-east-asian: inherit; font-variant-alternates: inherit; font-stretch: inherit; font-optical-sizing: inherit; font-kerning: inherit; font-feature-settings: inherit; font-variation-settings: inherit; text-transform: uppercase; background: url('..\/images\/comunes\/bg_title.png') left top no-repeat;\">LAS UTILIZA EL RESPONSABLE DE<\/h2>\n<h2 style=\"padding-top: 15px; padding-bottom: 5px; outline: none; font-family: 'Open Sans', sans-serif; font-weight: bold; line-height: 33px; color: #313947; font-size: 35px; font-variant-numeric: inherit; font-variant-east-asian: inherit; font-variant-alternates: inherit; font-stretch: inherit; font-optical-sizing: inherit; font-kerning: inherit; font-feature-settings: inherit; font-variation-settings: inherit; text-transform: uppercase; background: url('..\/images\/comunes\/bg_title.png') left top no-repeat;\">ESTA P\u00c1GINA WEB?<\/h2><div><br><\/div>\n<p>La presente pol\u00edtica de cookies tiene por finalidad informarle de manera clara y<br>precisa sobre las cookies que se utilizan en la p\u00e1gina web<br>Identificaci\u00f3n del responsable del tratamiento.<\/p>\n<p>De acuerdo con lo establecido en REGLAMENTO (UE) 2016\/ 679 DEL PARLAMENTO<br>EUROPEO Y DEL CONSEJO de 27 de abril de 2016 relativo a la protecci\u00f3n de las<br>personas f\u00edsicas en lo que respecta al tratamiento de datos personales y a la libre<br>circulaci\u00f3n de estos datos (en adelante RGPD) y la Ley 34\/2002, de 11 de julio, de<br>servicios de la sociedad de la informaci\u00f3n y de comercio electr\u00f3nico (LSSICE)<br>informamos que los datos personales tratados mediante la utilizaci\u00f3n de cookies y<br>tecnolog\u00edas similares utilizadas (tales como local shared objects o flash cookies, web<br>beacons o bugs, etc.) ser\u00e1n procesados por:<\/p>\n<p>&#8211; Nombre o Raz\u00f3n Social: FEDERACION TAEKWONDO COMUNIDAD<br>VALENCIANA<br>&#8211; Dir. postal: Ronda Isaac Peral i Caballero, 5, Parque Tecnol\u00f3gico de Paterna CP<br>(46980) Valencia<br>&#8211; CIF: G46448015 &#8211; Tel\u00e9fono: 961367797<br>&#8211; Email: administracion@tkdcv.es &#8211; Web: www.cvtaekwondo.es<\/p>\n<h2 style=\"padding-top: 15px; padding-bottom: 5px; outline: none; font-family: 'Open Sans', sans-serif; font-weight: bold; line-height: 33px; color: #313947; font-size: 35px; font-variant-numeric: inherit; font-variant-east-asian: inherit; font-variant-alternates: inherit; font-stretch: inherit; font-optical-sizing: inherit; font-kerning: inherit; font-feature-settings: inherit; font-variation-settings: inherit; text-transform: uppercase; background: url('..\/images\/comunes\/bg_title.png') left top no-repeat;\">\u00bfQU\u00c9 SON LAS COOKIES?<\/h2>\n<p><\/p>\n<p>Una cookie es un peque\u00f1o archivo que se descargan e instalan de forma autom\u00e1tica<br>en el dispositivo del usuario a trav\u00e9s de su navegador (Internet Explorer, Firefox,<br>Chrome, Safari&#8230;) al visitar un sitio Web.<br>En general, estas tecnolog\u00edas pueden servir para finalidades muy diversas, como, por<br>ejemplo, reconocerte como usuario, obtener informaci\u00f3n sobre tus h\u00e1bitos de<br>navegaci\u00f3n, o personalizar la forma en que se muestra el contenido, etc.<br>Los usos concretos que hacemos de estas tecnolog\u00edas se describen a continuaci\u00f3n.<br>Clasificaci\u00f3n y tipos de cookies utilizadas<br>Las cookies se clasifican seg\u00fan la entidad que las gestione, seg\u00fan su finalidad y seg\u00fan<br>el plazo de tiempo que permanecen activas.<br>&#8211;<em><strong>Cookies seg\u00fan la entidad que las gestione<\/strong><\/em><br>o Cookies propias: Son cookies creadas por este Sitio Web y que<br>solo puede leer el propio sitio.<br>o Cookies de terceros: Son las creadas y gestionas por otras<br>entidades, como prestadores de servicios publicitarios, de<br>personalizaci\u00f3n o an\u00e1lisis, estos terceros nos pueden reportar datos<br>an\u00f3nimos.<br>&#8211;<strong><em>Cookies seg\u00fan su finalidad<\/em><\/strong>.<br>o Cookies estrictamente necesarias: Son aquellas que le<br>permiten navegar por la p\u00e1gina web y usar sus funciones esenciales.<br>Sin las cookies estrictamente necesarias la p\u00e1gina web no puede<br>funcionar adecuadamente. Algunos ejemplos de cookies estrictamente<br>necesarias son controlar el tr\u00e1fico y la comunicaci\u00f3n de datos, identificar<br>la sesi\u00f3n, acceder a partes de acceso restringido, utilizar elementos de<br>seguridad durante la navegaci\u00f3n, etc.<br>o Cookies de preferencias o personalizaci\u00f3n: permiten<br>recordar informaci\u00f3n para que el usuario acceda al servicio con<br>determinadas caracter\u00edsticas que pueden diferenciar su experiencia de<br>la de otros usuarios, como, por ejemplo, el idioma, configuraci\u00f3n<br>regional o tipo de navegador.<br>o Cookies de an\u00e1lisis o medici\u00f3n: Permiten al responsable de<br>las mismas el seguimiento y an\u00e1lisis del comportamiento de los<br>usuarios, el an\u00e1lisis estad\u00edstico de la utilizaci\u00f3n que hacen los usuarios<br>del servicio y la cuantificaci\u00f3n de los impactos de los anuncios. Se<br>utilizan en la medici\u00f3n de la actividad de los sitios web, aplicaci\u00f3n o<br>plataforma, con el fin de introducir mejoras en funci\u00f3n del an\u00e1lisis de<br>los datos de uso que hacen los usuarios del servicio.<br>Suelen ser Cookies de bajo riesgo para la privacidad si los datos son<br>datos agregados<br>o Cookies de publicidad comportamental: son aquellas que<br>almacenan informaci\u00f3n del comportamiento de los usuarios obtenida a<br>trav\u00e9s de la observaci\u00f3n continuada de sus h\u00e1bitos de navegaci\u00f3n, lo<br>que permite desarrollar un perfil espec\u00edfico para mostrar publicidad en<br>funci\u00f3n del mismo.<br>o Cookies publicitarias: Son aqu\u00e9llas que permiten la gesti\u00f3n,<br>de la forma m\u00e1s eficaz posible, de los espacios publicitarios en base a<br>criterios como el contenido editado o la frecuencia en la que se<br>muestran los anuncios.<br><em><strong>-Cookies seg\u00fan el plazo de tiempo que permanecen activas.<\/strong><\/em><br>o Cookies de sesi\u00f3n: Dise\u00f1adas para recabar y almacenar datos<br>mientras el usuario accede al sitio web. Se suelen emplear para<br>almacenar informaci\u00f3n que solo interesa conservar para la prestaci\u00f3n<br>del servicio solicitado por el usuario en una sola ocasi\u00f3n.<br>o Cookies persistentes: Son un tipo de cookies en el que los<br>datos siguen almacenados en el terminal y a los que se puede acceder<br>y tratar durante un periodo definido por el responsable de la cookie, y<br>que puede ir de unos minutos a varios a\u00f1os.<br>Cookies utilizadas<br>A continuaci\u00f3n, se presenta una lista de las cookies que puede encontrar en nuestro<br>sitio Web y una breve descripci\u00f3n de su finalidad.<\/p>\t\t\t\t\t\t\t\t<\/div>\n\t\t\t\t<\/div>\n\t\t\t\t<div class=\"elementor-element elementor-element-6891bfa elementor-widget elementor-widget-spacer\" data-id=\"6891bfa\" data-element_type=\"widget\" data-e-type=\"widget\" data-widget_type=\"spacer.default\">\n\t\t\t\t<div class=\"elementor-widget-container\">\n\t\t\t\t\t\t\t<div class=\"elementor-spacer\">\n\t\t\t<div class=\"elementor-spacer-inner\"><\/div>\n\t\t<\/div>\n\t\t\t\t\t\t<\/div>\n\t\t\t\t<\/div>\n\t\t\t\t<div class=\"elementor-element elementor-element-1dd3868 elementor-widget__width-initial elementor-widget elementor-widget-image\" data-id=\"1dd3868\" data-element_type=\"widget\" data-e-type=\"widget\" data-widget_type=\"image.default\">\n\t\t\t\t<div class=\"elementor-widget-container\">\n\t\t\t\t\t\t\t\t\t\t\t\t\t\t\t<img fetchpriority=\"high\" decoding=\"async\" class=\"attachment-bunyad-viewport size-bunyad-viewport wp-image-17405 lazyload\" width=\"1057\" height=\"779\" src=\"data:image\/svg+xml;base64,PHN2ZyB2aWV3Qm94PScwIDAgMTA1NyA3NzknIHhtbG5zPSdodHRwOi8vd3d3LnczLm9yZy8yMDAwL3N2Zyc+PC9zdmc+\" alt srcset=\"https:\/\/www.tkdcv.es\/wp-content\/uploads\/2026\/03\/Captura-de-pantalla-2026-03-03-122642.png 1057w, https:\/\/www.tkdcv.es\/wp-content\/uploads\/2026\/03\/Captura-de-pantalla-2026-03-03-122642-300x221.png 300w, https:\/\/www.tkdcv.es\/wp-content\/uploads\/2026\/03\/Captura-de-pantalla-2026-03-03-122642-1024x755.png 1024w, https:\/\/www.tkdcv.es\/wp-content\/uploads\/2026\/03\/Captura-de-pantalla-2026-03-03-122642-768x566.png 768w, https:\/\/www.tkdcv.es\/wp-content\/uploads\/2026\/03\/Captura-de-pantalla-2026-03-03-122642-16x12.png 16w, https:\/\/www.tkdcv.es\/wp-content\/uploads\/2026\/03\/Captura-de-pantalla-2026-03-03-122642-150x111.png 150w, https:\/\/www.tkdcv.es\/wp-content\/uploads\/2026\/03\/Captura-de-pantalla-2026-03-03-122642-450x332.png 450w\" sizes=\"(max-width: 1057px) 100vw, 1057px\" data-src=\"https:\/\/www.tkdcv.es\/wp-content\/uploads\/2026\/03\/Captura-de-pantalla-2026-03-03-122642.png\" \/>\t\t\t\t\t\t\t\t\t\t\t\t\t\t\t<\/div>\n\t\t\t\t<\/div>\n\t\t\t\t<div class=\"elementor-element elementor-element-fb626d2 elementor-widget elementor-widget-spacer\" data-id=\"fb626d2\" data-element_type=\"widget\" data-e-type=\"widget\" data-widget_type=\"spacer.default\">\n\t\t\t\t<div class=\"elementor-widget-container\">\n\t\t\t\t\t\t\t<div class=\"elementor-spacer\">\n\t\t\t<div class=\"elementor-spacer-inner\"><\/div>\n\t\t<\/div>\n\t\t\t\t\t\t<\/div>\n\t\t\t\t<\/div>\n\t\t\t\t<div class=\"elementor-element elementor-element-3bf2ee3 elementor-widget elementor-widget-text-editor\" data-id=\"3bf2ee3\" data-element_type=\"widget\" data-e-type=\"widget\" data-widget_type=\"text-editor.default\">\n\t\t\t\t<div class=\"elementor-widget-container\">\n\t\t\t\t\t\t\t\t\t<h2 style=\"padding-top: 15px; padding-bottom: 5px; outline: none; font-family: 'Open Sans', sans-serif; font-weight: bold; line-height: 33px; color: #313947; font-size: 35px; font-variant-numeric: inherit; font-variant-east-asian: inherit; font-variant-alternates: inherit; font-stretch: inherit; font-optical-sizing: inherit; font-kerning: inherit; font-feature-settings: inherit; font-variation-settings: inherit; text-transform: uppercase; background: url('..\/images\/comunes\/bg_title.png') left top no-repeat;\">Base jur\u00eddica y periodo de retenci\u00f3n<\/h2><p>\u00a0<\/p><p>La base jur\u00eddica del tratamiento de determinados datos personales (p.ej., datos de<br \/>identificadores de dispositivos o direcciones IP) para las finalidades indicadas en el<br \/>cuadro anterior es el consentimiento del usuario, que otorga conforme se establece<br \/>en el banner informativo y en esta pol\u00edtica, excepto aquellas cookies sean<br \/>estrictamente necesarias para la navegaci\u00f3n por nuestro sitio web<br \/>El periodo de retenci\u00f3n de tus datos personales es el establecido para cada Cookie<br \/>en la tabla de Cookies utilizadas.<\/p><h2 style=\"padding-top: 15px; padding-bottom: 5px; outline: none; font-family: 'Open Sans', sans-serif; font-weight: bold; line-height: 33px; color: #313947; font-size: 35px; font-variant-numeric: inherit; font-variant-east-asian: inherit; font-variant-alternates: inherit; font-stretch: inherit; font-optical-sizing: inherit; font-kerning: inherit; font-feature-settings: inherit; font-variation-settings: inherit; text-transform: uppercase; background: url('..\/images\/comunes\/bg_title.png') left top no-repeat;\">Consentimiento<\/h2><p>\u00a0<\/p><p>Para poder instalar las cookies en el dispositivo del usuario solicitamos el<br \/>consentimiento que \u00e9ste se otorga expresamente al pulsar el bot\u00f3n \u00abaceptar\u00bb del<br \/>banner. No solicitamos el consentimiento en los supuestos en los que las cookies<br \/>sean necesarias para la navegaci\u00f3n por nuestro sitio web.<br \/>Revocaci\u00f3n del consentimiento<br \/>Puedes ajustar tus preferencias sobre el uso de las cookies o cancelar el uso de estas<br \/>en cualquier momento. Para hacerlo, simplemente tienes que hacer clic en el bot\u00f3n<br \/>flotante de la parte inferior izquierda\/de la parte inferior derecha que dice<br \/>\u00abConfiguraci\u00f3n de Cookies\u00bb. Esto te permitir\u00e1 acceder al panel de gesti\u00f3n de cookies<br \/>y configurar nuevamente tus preferencias. El usuario tambi\u00e9n puede revocar el<br \/>consentimiento configurando su navegador para que rechace las cookies y tambi\u00e9n<br \/>deber\u00e1 borrar las cookies del historial de navegaci\u00f3n para eliminar las ya instaladas.<\/p><h2 style=\"padding-top: 15px; padding-bottom: 5px; outline: none; font-family: 'Open Sans', sans-serif; font-weight: bold; line-height: 33px; color: #313947; font-size: 35px; font-variant-numeric: inherit; font-variant-east-asian: inherit; font-variant-alternates: inherit; font-stretch: inherit; font-optical-sizing: inherit; font-kerning: inherit; font-feature-settings: inherit; font-variation-settings: inherit; text-transform: uppercase; background: url('..\/images\/comunes\/bg_title.png') left top no-repeat;\">Comunicaciones y transferencias internacionales de datos<\/h2><p>\u00a0<\/p><p>Las cookies de terceros utilizadas en esta p\u00e1gina web pertenecen al proveedor<br \/>se\u00f1alado en el cuadro, que pueden estar situados en Estados Unidos o en otros<br \/>lugares fuera del Espacio Econ\u00f3mico Europeo. Esos territorios podr\u00edan no<br \/>proporcionar un nivel de protecci\u00f3n de tus datos personales equivalente al de la Uni\u00f3n<br \/>Europea.<\/p><h2 style=\"padding-top: 15px; padding-bottom: 5px; outline: none; font-family: 'Open Sans', sans-serif; font-weight: bold; line-height: 33px; color: #313947; font-size: 35px; font-variant-numeric: inherit; font-variant-east-asian: inherit; font-variant-alternates: inherit; font-stretch: inherit; font-optical-sizing: inherit; font-kerning: inherit; font-feature-settings: inherit; font-variation-settings: inherit; text-transform: uppercase; background: url('..\/images\/comunes\/bg_title.png') left top no-repeat;\">Desactivaci\u00f3n de las cookies<\/h2><p>\u00a0<\/p><p>Adem\u00e1s de los botones de configuraci\u00f3n de cookies de esta pol\u00edtica, a continuaci\u00f3n,<br \/>facilitamos los enlaces con la informaci\u00f3n necesaria para desactivar las cookies de<br \/>los navegadores m\u00e1s utilizados:<\/p><p>-Google Chrome\u00a0<br \/>-Google Chrome para m\u00f3viles\u00a0<br \/>-Microsoft Edge\u00a0<br \/>-Mozilla Firefox\u00a0<br \/>-\u00d3pera\u00a0<br \/>-Safari<\/p><h2 style=\"padding-top: 15px; padding-bottom: 5px; outline: none; font-family: 'Open Sans', sans-serif; font-weight: bold; line-height: 33px; color: #313947; font-size: 35px; font-variant-numeric: inherit; font-variant-east-asian: inherit; font-variant-alternates: inherit; font-stretch: inherit; font-optical-sizing: inherit; font-kerning: inherit; font-feature-settings: inherit; font-variation-settings: inherit; text-transform: uppercase; background: url('..\/images\/comunes\/bg_title.png') left top no-repeat;\">Derechos de los usuarios<\/h2><p>\u00a0<\/p><p>El usuario puede ejercitar los derechos de acceso, rectificaci\u00f3n, supresi\u00f3n, oposici\u00f3n,<br \/>limitaci\u00f3n del tratamiento y portabilidad, cuando correspondan, as\u00ed como revocar su<br \/>consentimiento, acreditando su identidad.<br \/>M\u00e1s informaci\u00f3n sobre como ejercer sus derechos de protecci\u00f3n de datos en nuestra<br \/>pol\u00edtica de privacidad.<br \/>Asimismo, el usuario tiene derecho a presentar una reclamaci\u00f3n ante una autoridad<br \/>de control competente. En Espa\u00f1a, la autoridad es la Agencia Espa\u00f1ola de Protecci\u00f3n<br \/>de Datos (\u00a0<a href=\"https:\/\/www.aepd.es\/\" target=\"_blank\" rel=\"noopener\">www.aepd.es<\/a>\u00a0)<\/p>\t\t\t\t\t\t\t\t<\/div>\n\t\t\t\t<\/div>\n\t\t\t\t\t<\/div>\n\t\t<\/div>\n\t\t\t\t\t<\/div>\n\t\t<\/section>\n\t\t\t\t\t<\/div>\n\t\t<\/div>\n\t\t\t\t\t<\/div>\n\t\t<\/section>\n\t\t\t\t<\/div>","protected":false},"excerpt":{"rendered":"<p>\u00bfQU\u00c9 SON LAS COOKIES Y C\u00d3MO LAS UTILIZA EL RESPONSABLE DE ESTA P\u00c1GINA WEB? La presente pol\u00edtica de cookies tiene por finalidad informarle de manera clara yprecisa sobre las cookies que se utilizan en la p\u00e1gina webIdentificaci\u00f3n del responsable del tratamiento. De acuerdo con lo establecido en REGLAMENTO (UE) 2016\/ 679 DEL PARLAMENTOEUROPEO Y DEL<\/p>","protected":false},"author":1,"featured_media":0,"parent":0,"menu_order":0,"comment_status":"closed","ping_status":"closed","template":"page-templates\/no-wrapper.php","meta":{"footnotes":""},"class_list":["post-5161","page","type-page","status-publish"],"_links":{"self":[{"href":"https:\/\/www.tkdcv.es\/val\/wp-json\/wp\/v2\/pages\/5161","targetHints":{"allow":["GET"]}}],"collection":[{"href":"https:\/\/www.tkdcv.es\/val\/wp-json\/wp\/v2\/pages"}],"about":[{"href":"https:\/\/www.tkdcv.es\/val\/wp-json\/wp\/v2\/types\/page"}],"author":[{"embeddable":true,"href":"https:\/\/www.tkdcv.es\/val\/wp-json\/wp\/v2\/users\/1"}],"replies":[{"embeddable":true,"href":"https:\/\/www.tkdcv.es\/val\/wp-json\/wp\/v2\/comments?post=5161"}],"version-history":[{"count":0,"href":"https:\/\/www.tkdcv.es\/val\/wp-json\/wp\/v2\/pages\/5161\/revisions"}],"wp:attachment":[{"href":"https:\/\/www.tkdcv.es\/val\/wp-json\/wp\/v2\/media?parent=5161"}],"curies":[{"name":"wp","href":"https:\/\/api.w.org\/{rel}","templated":true}]}}