{"id":6139,"date":"2023-08-29T17:08:52","date_gmt":"2023-08-29T15:08:52","guid":{"rendered":"https:\/\/www.ftcvtaekwondo.com\/?page_id=6139"},"modified":"2025-08-27T14:46:40","modified_gmt":"2025-08-27T12:46:40","slug":"mujer-en-el-deporte","status":"publish","type":"page","link":"https:\/\/www.tkdcv.es\/val\/mujer-en-el-deporte\/","title":{"rendered":"Mujer en el deporte"},"content":{"rendered":"<div data-elementor-type=\"wp-page\" data-elementor-id=\"6139\" class=\"elementor elementor-6139\" data-elementor-post-type=\"page\">\n\t\t\t\t\t\t<section data-particle_enable=\"false\" data-particle-mobile-disabled=\"false\" class=\"elementor-section elementor-top-section elementor-element elementor-element-f3c9e8b elementor-section-boxed elementor-section-height-default elementor-section-height-default\" data-id=\"f3c9e8b\" data-element_type=\"section\" data-e-type=\"section\">\n\t\t\t\t\t\t<div class=\"elementor-container elementor-column-gap-default\">\n\t\t\t\t\t<div class=\"elementor-column elementor-col-100 elementor-top-column elementor-element elementor-element-450fc94\" data-id=\"450fc94\" data-element_type=\"column\" data-e-type=\"column\">\n\t\t\t<div class=\"elementor-widget-wrap elementor-element-populated\">\n\t\t\t\t\t\t<div class=\"elementor-element elementor-element-c1228bf elementor-widget elementor-widget-spacer\" data-id=\"c1228bf\" data-element_type=\"widget\" data-e-type=\"widget\" data-widget_type=\"spacer.default\">\n\t\t\t\t<div class=\"elementor-widget-container\">\n\t\t\t\t\t\t\t<div class=\"elementor-spacer\">\n\t\t\t<div class=\"elementor-spacer-inner\"><\/div>\n\t\t<\/div>\n\t\t\t\t\t\t<\/div>\n\t\t\t\t<\/div>\n\t\t\t\t<section data-particle_enable=\"false\" data-particle-mobile-disabled=\"false\" class=\"has-el-gap el-gap-default elementor-section elementor-inner-section elementor-element elementor-element-7135023 elementor-section-boxed elementor-section-height-default elementor-section-height-default\" data-id=\"7135023\" data-element_type=\"section\" data-e-type=\"section\">\n\t\t\t\t\t\t<div class=\"elementor-container elementor-column-gap-no\">\n\t\t\t\t\t<div class=\"elementor-column elementor-col-50 elementor-inner-column elementor-element elementor-element-50f4b40\" data-id=\"50f4b40\" data-element_type=\"column\" data-e-type=\"column\">\n\t\t\t<div class=\"elementor-widget-wrap elementor-element-populated\">\n\t\t\t\t\t\t<div class=\"elementor-element elementor-element-9fd4d60 elementor-widget__width-initial elementor-widget elementor-widget-image\" data-id=\"9fd4d60\" data-element_type=\"widget\" data-e-type=\"widget\" data-widget_type=\"image.default\">\n\t\t\t\t<div class=\"elementor-widget-container\">\n\t\t\t\t\t\t\t\t\t\t\t\t\t\t\t<img fetchpriority=\"high\" decoding=\"async\" class=\"attachment-large size-large wp-image-8901 lazyload\" width=\"1024\" height=\"725\" src=\"data:image\/svg+xml;base64,PHN2ZyB2aWV3Qm94PScwIDAgMTAyNCA3MjUnIHhtbG5zPSdodHRwOi8vd3d3LnczLm9yZy8yMDAwL3N2Zyc+PC9zdmc+\" alt srcset=\"https:\/\/www.tkdcv.es\/wp-content\/uploads\/2024\/08\/genero_page-0001-1-1024x725.jpg 1024w, https:\/\/www.tkdcv.es\/wp-content\/uploads\/2024\/08\/genero_page-0001-1-300x212.jpg 300w, https:\/\/www.tkdcv.es\/wp-content\/uploads\/2024\/08\/genero_page-0001-1-768x543.jpg 768w, https:\/\/www.tkdcv.es\/wp-content\/uploads\/2024\/08\/genero_page-0001-1-1536x1087.jpg 1536w, https:\/\/www.tkdcv.es\/wp-content\/uploads\/2024\/08\/genero_page-0001-1-18x12.jpg 18w, https:\/\/www.tkdcv.es\/wp-content\/uploads\/2024\/08\/genero_page-0001-1-150x106.jpg 150w, https:\/\/www.tkdcv.es\/wp-content\/uploads\/2024\/08\/genero_page-0001-1-450x318.jpg 450w, https:\/\/www.tkdcv.es\/wp-content\/uploads\/2024\/08\/genero_page-0001-1-1200x849.jpg 1200w, https:\/\/www.tkdcv.es\/wp-content\/uploads\/2024\/08\/genero_page-0001-1.jpg 1754w\" sizes=\"(max-width: 1024px) 100vw, 1024px\" data-src=\"https:\/\/www.tkdcv.es\/wp-content\/uploads\/2024\/08\/genero_page-0001-1-1024x725.jpg\" \/>\t\t\t\t\t\t\t\t\t\t\t\t\t\t\t<\/div>\n\t\t\t\t<\/div>\n\t\t\t\t\t<\/div>\n\t\t<\/div>\n\t\t\t\t<div class=\"elementor-column elementor-col-50 elementor-inner-column elementor-element elementor-element-2acda76\" data-id=\"2acda76\" data-element_type=\"column\" data-e-type=\"column\">\n\t\t\t<div class=\"elementor-widget-wrap elementor-element-populated\">\n\t\t\t\t\t\t<div class=\"elementor-element elementor-element-7bd593b elementor-widget elementor-widget-spacer\" data-id=\"7bd593b\" data-element_type=\"widget\" data-e-type=\"widget\" data-widget_type=\"spacer.default\">\n\t\t\t\t<div class=\"elementor-widget-container\">\n\t\t\t\t\t\t\t<div class=\"elementor-spacer\">\n\t\t\t<div class=\"elementor-spacer-inner\"><\/div>\n\t\t<\/div>\n\t\t\t\t\t\t<\/div>\n\t\t\t\t<\/div>\n\t\t\t\t<div class=\"elementor-element elementor-element-eab4d62 htmega-align-center elementor-widget elementor-widget-htmega-calltoaction-addons\" data-id=\"eab4d62\" data-element_type=\"widget\" data-e-type=\"widget\" data-widget_type=\"htmega-calltoaction-addons.default\">\n\t\t\t\t<div class=\"elementor-widget-container\">\n\t\t\t\t\t            <div class=\"htmega-call-to-action callto-action-style-1\">\n                <div class=\"htmega-content\">\n\n                                            <h2 class=\"htmega-callto-action-title\">Manual Esports Femeni<\/h2><a class=\"call_btn\" href=\"https:\/\/www.tkdcv.es\/wp-content\/uploads\/2024\/01\/Guia_val-1.pdf\"><span class='call_to_action_button_one_text_progression'>Con\u00e9ixer m\u00e9s<\/span><\/a>                    \n                <\/div>\n            <\/div>\n\n        \t\t\t\t<\/div>\n\t\t\t\t<\/div>\n\t\t\t\t<div class=\"elementor-element elementor-element-998da81 htmega-align-center elementor-widget elementor-widget-htmega-calltoaction-addons\" data-id=\"998da81\" data-element_type=\"widget\" data-e-type=\"widget\" data-widget_type=\"htmega-calltoaction-addons.default\">\n\t\t\t\t<div class=\"elementor-widget-container\">\n\t\t\t\t\t            <div class=\"htmega-call-to-action callto-action-style-1\">\n                <div class=\"htmega-content\">\n\n                                            <h2 class=\"htmega-callto-action-title\">Referents Esportistes Valencianes<\/h2><a class=\"call_btn\" href=\"https:\/\/www.tkdcv.es\/wp-content\/uploads\/2024\/08\/REFERENTES-DEPORTISTAS-VALENCIANAS-Vol.2_Raul-Cosin-Camacho_-1.pdf\"><span class='call_to_action_button_one_text_progression'>Con\u00e9ixer m\u00e9s<\/span><\/a>                    \n                <\/div>\n            <\/div>\n\n        \t\t\t\t<\/div>\n\t\t\t\t<\/div>\n\t\t\t\t\t<\/div>\n\t\t<\/div>\n\t\t\t\t\t<\/div>\n\t\t<\/section>\n\t\t\t\t<div class=\"elementor-element elementor-element-056b37d elementor-widget elementor-widget-spacer\" data-id=\"056b37d\" data-element_type=\"widget\" data-e-type=\"widget\" data-widget_type=\"spacer.default\">\n\t\t\t\t<div class=\"elementor-widget-container\">\n\t\t\t\t\t\t\t<div class=\"elementor-spacer\">\n\t\t\t<div class=\"elementor-spacer-inner\"><\/div>\n\t\t<\/div>\n\t\t\t\t\t\t<\/div>\n\t\t\t\t<\/div>\n\t\t\t\t<div class=\"elementor-element elementor-element-b633b85 elementor-widget elementor-widget-heading\" data-id=\"b633b85\" data-element_type=\"widget\" data-e-type=\"widget\" data-widget_type=\"heading.default\">\n\t\t\t\t<div class=\"elementor-widget-container\">\n\t\t\t\t\t<h2 class=\"elementor-heading-title elementor-size-default\">DONES EN L'ESPORT<\/h2>\t\t\t\t<\/div>\n\t\t\t\t<\/div>\n\t\t\t\t<div class=\"elementor-element elementor-element-d2ec343 elementor-widget__width-initial elementor-widget elementor-widget-text-editor\" data-id=\"d2ec343\" data-element_type=\"widget\" data-e-type=\"widget\" data-widget_type=\"text-editor.default\">\n\t\t\t\t<div class=\"elementor-widget-container\">\n\t\t\t\t\t\t\t\t\t<p class=\"MsoBodyText\" style=\"line-height: 107%; margin: 9.45pt 5.85pt .0001pt 0cm;\">Adjuntem la informaci\u00f3 corresponent al Programa Dona i Esport, disposat en la p\u00e0gina web del Consell Superior d'Esports (*CSD), on podran trobar tota la informaci\u00f3 actualitzada i detallada.<\/p>\t\t\t\t\t\t\t\t<\/div>\n\t\t\t\t<\/div>\n\t\t\t\t<div class=\"elementor-element elementor-element-6212904 elementor-widget elementor-widget-spacer\" data-id=\"6212904\" data-element_type=\"widget\" data-e-type=\"widget\" data-widget_type=\"spacer.default\">\n\t\t\t\t<div class=\"elementor-widget-container\">\n\t\t\t\t\t\t\t<div class=\"elementor-spacer\">\n\t\t\t<div class=\"elementor-spacer-inner\"><\/div>\n\t\t<\/div>\n\t\t\t\t\t\t<\/div>\n\t\t\t\t<\/div>\n\t\t\t\t<section data-particle_enable=\"false\" data-particle-mobile-disabled=\"false\" class=\"has-el-gap el-gap-default elementor-section elementor-inner-section elementor-element elementor-element-822fea2 elementor-section-boxed elementor-section-height-default elementor-section-height-default\" data-id=\"822fea2\" data-element_type=\"section\" data-e-type=\"section\">\n\t\t\t\t\t\t<div class=\"elementor-container elementor-column-gap-no\">\n\t\t\t\t\t<div class=\"elementor-column elementor-col-50 elementor-inner-column elementor-element elementor-element-9d97f0d\" data-id=\"9d97f0d\" data-element_type=\"column\" data-e-type=\"column\">\n\t\t\t<div class=\"elementor-widget-wrap\">\n\t\t\t\t\t\t\t<\/div>\n\t\t<\/div>\n\t\t\t\t<div class=\"elementor-column elementor-col-50 elementor-inner-column elementor-element elementor-element-48fd11c\" data-id=\"48fd11c\" data-element_type=\"column\" data-e-type=\"column\">\n\t\t\t<div class=\"elementor-widget-wrap elementor-element-populated\">\n\t\t\t\t\t\t<div class=\"elementor-element elementor-element-42aa26e elementor-widget__width-initial elementor-widget elementor-widget-text-editor\" data-id=\"42aa26e\" data-element_type=\"widget\" data-e-type=\"widget\" data-widget_type=\"text-editor.default\">\n\t\t\t\t<div class=\"elementor-widget-container\">\n\t\t\t\t\t\t\t\t\t<p>Desde la Subdirecci\u00f3n General de Promoci\u00f3n Deportiva y Deporte Paral\u00edmpico del CSD, es un honor remitir el nuevo n\u00famero del Bolet\u00edn Electr\u00f3nico \u00abProgramas Mujer y Deporte\u00bb. Esta publicaci\u00f3n tiene como objetivo primordial dar visibilidad a todas las mujeres que desempe\u00f1an un papel destacado en el \u00e1mbito de la actividad f\u00edsica y el deporte, sin distinci\u00f3n de nivel ni \u00e1rea. Consideramos que la promoci\u00f3n de la participaci\u00f3n femenina en el deporte es esencial para lograr un entorno m\u00e1s equitativo y representativo.<\/p><p>Per a aconseguir la meta d'augmentar la visibilitat de les dones en l'esport, \u00e9s fonamental que la difusi\u00f3 d'este butllet\u00ed siga el m\u00e9s \u00e0mplia possible. Quants m\u00e9s usuaris tinguen acc\u00e9s a\u00a0<span style=\"font-size: 14px; letter-spacing: -0.05pt;\">esta<\/span>\u00a0<span style=\"font-size: 14px; letter-spacing: -0.05pt;\">informaci\u00f3,<\/span>\u00a0<span style=\"font-size: 14px; letter-spacing: -0.05pt;\">major<\/span>\u00a0<span style=\"font-size: 14px; letter-spacing: -0.05pt;\">ser\u00e0<\/span>\u00a0l'impacte positiu que aconseguirem en la societat. Per tant, els animem a compartir esta important iniciativa amb les seues xarxes de contactes, aix\u00ed com a encoratjar-les a participar activament en les activitats i iniciatives que es promouen<\/p>\t\t\t\t\t\t\t\t<\/div>\n\t\t\t\t<\/div>\n\t\t\t\t\t<\/div>\n\t\t<\/div>\n\t\t\t\t\t<\/div>\n\t\t<\/section>\n\t\t\t\t<div class=\"elementor-element elementor-element-92dc934 elementor-widget elementor-widget-spacer\" data-id=\"92dc934\" data-element_type=\"widget\" data-e-type=\"widget\" data-widget_type=\"spacer.default\">\n\t\t\t\t<div class=\"elementor-widget-container\">\n\t\t\t\t\t\t\t<div class=\"elementor-spacer\">\n\t\t\t<div class=\"elementor-spacer-inner\"><\/div>\n\t\t<\/div>\n\t\t\t\t\t\t<\/div>\n\t\t\t\t<\/div>\n\t\t\t\t<div class=\"elementor-element elementor-element-438f844 elementor-widget-divider--view-line elementor-widget elementor-widget-divider\" data-id=\"438f844\" data-element_type=\"widget\" data-e-type=\"widget\" data-widget_type=\"divider.default\">\n\t\t\t\t<div class=\"elementor-widget-container\">\n\t\t\t\t\t\t\t<div class=\"elementor-divider\">\n\t\t\t<span class=\"elementor-divider-separator\">\n\t\t\t\t\t\t<\/span>\n\t\t<\/div>\n\t\t\t\t\t\t<\/div>\n\t\t\t\t<\/div>\n\t\t\t\t<section data-particle_enable=\"false\" data-particle-mobile-disabled=\"false\" class=\"has-el-gap el-gap-default elementor-section elementor-inner-section elementor-element elementor-element-494f6b5 elementor-section-boxed elementor-section-height-default elementor-section-height-default\" data-id=\"494f6b5\" data-element_type=\"section\" data-e-type=\"section\">\n\t\t\t\t\t\t<div class=\"elementor-container elementor-column-gap-no\">\n\t\t\t\t\t<div class=\"elementor-column elementor-col-50 elementor-inner-column elementor-element elementor-element-5102959\" data-id=\"5102959\" data-element_type=\"column\" data-e-type=\"column\">\n\t\t\t<div class=\"elementor-widget-wrap elementor-element-populated\">\n\t\t\t\t\t\t<div class=\"elementor-element elementor-element-8cd302a elementor-widget elementor-widget-text-editor\" data-id=\"8cd302a\" data-element_type=\"widget\" data-e-type=\"widget\" data-widget_type=\"text-editor.default\">\n\t\t\t\t<div class=\"elementor-widget-container\">\n\t\t\t\t\t\t\t\t\t<h2 style=\"margin-top: 7.9pt;\"><span style=\"color: #834c84;\">Programes Dona i Esport del Consell Superior d'Esports<\/span><\/h2><p style=\"margin: 0.2pt 0cm 0.0001pt;\" align=\"left\"><b><span style=\"font-size: 5.0pt; mso-bidi-font-size: 11.0pt;\">\u00a0<\/span><\/b><\/p><p style=\"line-height: 107%; margin: 2.8pt 5.9pt .0001pt 5.1pt;\">Este programa alberga diverses accions orientades a fomentar la pr\u00e0ctica esportiva entre les dones i a incentivar la seua participaci\u00f3 en tots els \u00e0mbits de l'esport. Agra\u00efm la seua col\u00b7laboraci\u00f3 i suport en esta causa tan significativa.<\/p><p style=\"margin-top: 7.9pt;\"><b><i><span style=\"color: #834c84;\">PORTAL CSD <\/span><\/i><\/b><i><span style=\"color: #834c84;\">:<\/span><\/i> <a href=\"https:\/\/www.csd.gob.es\/es\/igualdad-en-el-deporte\"><span style=\"color: #0462c1;\">https:\/\/www.csd.gob.es\/es\/igualdad-en-el-deporte<\/span><\/a><\/p>\t\t\t\t\t\t\t\t<\/div>\n\t\t\t\t<\/div>\n\t\t\t\t\t<\/div>\n\t\t<\/div>\n\t\t\t\t<div class=\"elementor-column elementor-col-50 elementor-inner-column elementor-element elementor-element-61a3a27\" data-id=\"61a3a27\" data-element_type=\"column\" data-e-type=\"column\">\n\t\t\t<div class=\"elementor-widget-wrap elementor-element-populated\">\n\t\t\t\t\t\t<div class=\"elementor-element elementor-element-11f3409 elementor-widget__width-initial elementor-widget elementor-widget-text-editor\" data-id=\"11f3409\" data-element_type=\"widget\" data-e-type=\"widget\" data-widget_type=\"text-editor.default\">\n\t\t\t\t<div class=\"elementor-widget-container\">\n\t\t\t\t\t\t\t\t\t<h2><span style=\"color: #834c84;\">Manifest per la Igualtat i la Participaci\u00f3 de la Dona en l'Esport<\/span><\/h2><p style=\"margin: 0.25pt 0cm 0.0001pt;\" align=\"left\"><b><span style=\"font-size: 5.0pt; mso-bidi-font-size: 11.0pt;\">\u00a0<\/span><\/b><\/p><p style=\"line-height: 107%; margin: 2.8pt 5.55pt .0001pt 5.1pt;\">Els progressos socials aconseguits per les dones en diversos \u00e0mbits s\u00f3n innegables i evidencien un avan\u00e7 significatiu en la busca d'igualtat de g\u00e8nere. No obstant aix\u00f2, malgrat la percepci\u00f3 que existix una igualtat d'oportunitats entre homes i dones, persistixen nombrosos obstacles que impedixen la materialitzaci\u00f3 d'una veritable equitat en la pr\u00e0ctica. En este sentit, l'esport, a l'\u00e9sser una activitat intr\u00ednsecament vinculada a les din\u00e0miques socials contempor\u00e0nies, no escapa a esta problem\u00e0tica. La continu\u00eftat de barreres estructurals i culturals en l'\u00e0mbit esportiu reflectix una situaci\u00f3 que requerix una atenci\u00f3 minuciosa i un esfor\u00e7 col\u00b7lectiu per a aconseguir una igualtat efectiva i sustentable.<\/p><p style=\"margin-left: 0cm;\" align=\"left\">\u00a0<\/p><p style=\"margin-right: 5.7pt; line-height: 107%;\"><b><i><span style=\"color: #834c84;\">DECLARACI\u00d3 DE BRIGHTON:<\/span><\/i> <\/b><a href=\"https:\/\/www.csd.gob.es\/es\/igualdad-en-el-deporte\/igualdad-y-participacion-declaracion-de-brighton\"><span style=\"color: #0462c1;\">https:\/\/www.csd.gob.es\/es\/igualdad-en-el-<\/span><\/a> <a href=\"https:\/\/www.csd.gob.es\/es\/igualdad-en-el-deporte\/igualdad-y-participacion-declaracion-de-brighton\"><span style=\"color: #0462c1;\">deporte\/igualdad-y-participacion-declaracion-de-brighton<\/span><\/a><\/p><p>\u00a0<\/p><p style=\"margin-right: 5.7pt; line-height: 107%;\">\u00a0<\/p>\t\t\t\t\t\t\t\t<\/div>\n\t\t\t\t<\/div>\n\t\t\t\t\t<\/div>\n\t\t<\/div>\n\t\t\t\t\t<\/div>\n\t\t<\/section>\n\t\t\t\t<div class=\"elementor-element elementor-element-10f0cf3 elementor-widget-divider--view-line elementor-widget elementor-widget-divider\" data-id=\"10f0cf3\" data-element_type=\"widget\" data-e-type=\"widget\" data-widget_type=\"divider.default\">\n\t\t\t\t<div class=\"elementor-widget-container\">\n\t\t\t\t\t\t\t<div class=\"elementor-divider\">\n\t\t\t<span class=\"elementor-divider-separator\">\n\t\t\t\t\t\t<\/span>\n\t\t<\/div>\n\t\t\t\t\t\t<\/div>\n\t\t\t\t<\/div>\n\t\t\t\t<div class=\"elementor-element elementor-element-e3c5592 elementor-widget__width-initial elementor-widget elementor-widget-text-editor\" data-id=\"e3c5592\" data-element_type=\"widget\" data-e-type=\"widget\" data-widget_type=\"text-editor.default\">\n\t\t\t\t<div class=\"elementor-widget-container\">\n\t\t\t\t\t\t\t\t\t<pre><span style=\"color: #834c84;\">Enllaces publicacions de xarxes socials<\/span><br \/><br \/>https:\/\/www.instagram.com\/federacionvalencianatkd\/p\/C4PmJDnoodE\/?igsh=eWx6Ym1sa25uYjh5&amp;img_index=1<br \/><br \/>https:\/\/www.instagram.com\/federacionvalencianatkd\/reel\/C4OUc_FoKjh\/?igsh=anRnczl4cjdzMTdu<br \/><br \/>https:\/\/www.instagram.com\/federacionvalencianatkd\/reel\/C4N3iCmoFJ8\/?igsh=MW5udHN6em5pcXd2bQ%3D%3D<br \/><br \/>https:\/\/www.instagram.com\/federacionvalencianatkd\/reel\/C4N2pOpINaH\/?igsh=dTJwYjlyc2lteGh0<br \/><br \/>https:\/\/www.instagram.com\/federacionvalencianatkd\/reel\/C4NyYprI-ni\/?igsh=MTM5eDU1eDA4enJ6bQ%3D%3D<br \/><br \/>https:\/\/www.instagram.com\/federacionvalencianatkd\/p\/C4GPUMdIJ4V\/?igsh=MTkyZXVicnJyYmNwNA%3D%3D<\/pre>\t\t\t\t\t\t\t\t<\/div>\n\t\t\t\t<\/div>\n\t\t\t\t\t<\/div>\n\t\t<\/div>\n\t\t\t\t\t<\/div>\n\t\t<\/section>\n\t\t\t\t<\/div>","protected":false},"excerpt":{"rendered":"<p>Manual Esports Femeni Conocer m\u00e1s Referentes Deportistas Valencianas Conocer m\u00e1s MUJERES EN EL DEPORTE Adjuntamos la informaci\u00f3n correspondiente al Programa Mujer y Deporte, dispuesto en la p\u00e1gina web del Consejo Superior de Deportes (CSD), donde podr\u00e1n encontrar toda la informaci\u00f3n actualizada y detallada. Desde la Subdirecci\u00f3n General de Promoci\u00f3n Deportiva y Deporte Paral\u00edmpico del CSD,<\/p>","protected":false},"author":1,"featured_media":0,"parent":0,"menu_order":0,"comment_status":"closed","ping_status":"closed","template":"page-templates\/no-wrapper.php","meta":{"footnotes":""},"class_list":["post-6139","page","type-page","status-publish"],"_links":{"self":[{"href":"https:\/\/www.tkdcv.es\/val\/wp-json\/wp\/v2\/pages\/6139","targetHints":{"allow":["GET"]}}],"collection":[{"href":"https:\/\/www.tkdcv.es\/val\/wp-json\/wp\/v2\/pages"}],"about":[{"href":"https:\/\/www.tkdcv.es\/val\/wp-json\/wp\/v2\/types\/page"}],"author":[{"embeddable":true,"href":"https:\/\/www.tkdcv.es\/val\/wp-json\/wp\/v2\/users\/1"}],"replies":[{"embeddable":true,"href":"https:\/\/www.tkdcv.es\/val\/wp-json\/wp\/v2\/comments?post=6139"}],"version-history":[{"count":0,"href":"https:\/\/www.tkdcv.es\/val\/wp-json\/wp\/v2\/pages\/6139\/revisions"}],"wp:attachment":[{"href":"https:\/\/www.tkdcv.es\/val\/wp-json\/wp\/v2\/media?parent=6139"}],"curies":[{"name":"wp","href":"https:\/\/api.w.org\/{rel}","templated":true}]}}