{"id":6141,"date":"2023-08-29T17:09:25","date_gmt":"2023-08-29T15:09:25","guid":{"rendered":"https:\/\/www.ftcvtaekwondo.com\/?page_id=6141"},"modified":"2025-08-27T14:45:14","modified_gmt":"2025-08-27T12:45:14","slug":"diversidad-integracion","status":"publish","type":"page","link":"https:\/\/www.tkdcv.es\/val\/diversidad-integracion\/","title":{"rendered":"Diversitat &amp; Integraci\u00f3"},"content":{"rendered":"<div data-elementor-type=\"wp-page\" data-elementor-id=\"6141\" class=\"elementor elementor-6141\" data-elementor-post-type=\"page\">\n\t\t\t\t\t\t<section data-particle_enable=\"false\" data-particle-mobile-disabled=\"false\" class=\"elementor-section elementor-top-section elementor-element elementor-element-9ec3702 elementor-section-boxed elementor-section-height-default elementor-section-height-default\" data-id=\"9ec3702\" data-element_type=\"section\" data-e-type=\"section\">\n\t\t\t\t\t\t<div class=\"elementor-container elementor-column-gap-default\">\n\t\t\t\t\t<div class=\"elementor-column elementor-col-100 elementor-top-column elementor-element elementor-element-ee37fa2\" data-id=\"ee37fa2\" data-element_type=\"column\" data-e-type=\"column\">\n\t\t\t<div class=\"elementor-widget-wrap elementor-element-populated\">\n\t\t\t\t\t\t<div class=\"elementor-element elementor-element-0eaa238 elementor-widget elementor-widget-spacer\" data-id=\"0eaa238\" data-element_type=\"widget\" data-e-type=\"widget\" data-widget_type=\"spacer.default\">\n\t\t\t\t<div class=\"elementor-widget-container\">\n\t\t\t\t\t\t\t<div class=\"elementor-spacer\">\n\t\t\t<div class=\"elementor-spacer-inner\"><\/div>\n\t\t<\/div>\n\t\t\t\t\t\t<\/div>\n\t\t\t\t<\/div>\n\t\t\t\t<div class=\"elementor-element elementor-element-56e71b2 elementor-widget elementor-widget-heading\" data-id=\"56e71b2\" data-element_type=\"widget\" data-e-type=\"widget\" data-widget_type=\"heading.default\">\n\t\t\t\t<div class=\"elementor-widget-container\">\n\t\t\t\t\t<h2 class=\"elementor-heading-title elementor-size-medium\">Diversitat &amp; Integraci\u00f3<\/h2>\t\t\t\t<\/div>\n\t\t\t\t<\/div>\n\t\t\t\t<div class=\"elementor-element elementor-element-e67ce8b elementor-widget elementor-widget-spacer\" data-id=\"e67ce8b\" data-element_type=\"widget\" data-e-type=\"widget\" data-widget_type=\"spacer.default\">\n\t\t\t\t<div class=\"elementor-widget-container\">\n\t\t\t\t\t\t\t<div class=\"elementor-spacer\">\n\t\t\t<div class=\"elementor-spacer-inner\"><\/div>\n\t\t<\/div>\n\t\t\t\t\t\t<\/div>\n\t\t\t\t<\/div>\n\t\t\t\t<div class=\"elementor-element elementor-element-7fcf512 htmega-align-center elementor-widget elementor-widget-htmega-calltoaction-addons\" data-id=\"7fcf512\" data-element_type=\"widget\" data-e-type=\"widget\" data-widget_type=\"htmega-calltoaction-addons.default\">\n\t\t\t\t<div class=\"elementor-widget-container\">\n\t\t\t\t\t            <div class=\"htmega-call-to-action callto-action-style-1\">\n                <div class=\"htmega-content\">\n\n                                            <h2 class=\"htmega-callto-action-title\">Com erradicar la viol\u00e8ncia<\/h2><a class=\"call_btn\" href=\"https:\/\/www.tkdcv.es\/wp-content\/uploads\/2024\/08\/93.pdf\"><span class='call_to_action_button_one_text_progression'>Descarregar<\/span><\/a>                    \n                <\/div>\n            <\/div>\n\n        \t\t\t\t<\/div>\n\t\t\t\t<\/div>\n\t\t\t\t<div class=\"elementor-element elementor-element-ed30668 htmega-align-center elementor-widget elementor-widget-htmega-calltoaction-addons\" data-id=\"ed30668\" data-element_type=\"widget\" data-e-type=\"widget\" data-widget_type=\"htmega-calltoaction-addons.default\">\n\t\t\t\t<div class=\"elementor-widget-container\">\n\t\t\t\t\t            <div class=\"htmega-call-to-action callto-action-style-1\">\n                <div class=\"htmega-content\">\n\n                                            <h2 class=\"htmega-callto-action-title\">Prevenci\u00f3 de la viol\u00e8ncia<\/h2><a class=\"call_btn\" href=\"https:\/\/www.tkdcv.es\/wp-content\/uploads\/2024\/08\/Informe_Como-aporta-el-deporte-a-la-prevencion-de-la-violencia-GIZ-2021-es.pdf\"><span class='call_to_action_button_one_text_progression'>Descarregar<\/span><\/a>                    \n                <\/div>\n            <\/div>\n\n        \t\t\t\t<\/div>\n\t\t\t\t<\/div>\n\t\t\t\t<div class=\"elementor-element elementor-element-5259c05 htmega-align-center elementor-widget elementor-widget-htmega-calltoaction-addons\" data-id=\"5259c05\" data-element_type=\"widget\" data-e-type=\"widget\" data-widget_type=\"htmega-calltoaction-addons.default\">\n\t\t\t\t<div class=\"elementor-widget-container\">\n\t\t\t\t\t            <div class=\"htmega-call-to-action callto-action-style-1\">\n                <div class=\"htmega-content\">\n\n                                            <h2 class=\"htmega-callto-action-title\">L'arc de Sant Mart\u00ed en l'esport<\/h2><a class=\"call_btn\" href=\"https:\/\/expoelarmariodeportivo.blogspot.com\/?m=1\"><span class='call_to_action_button_one_text_progression'>Con\u00e9ixer m\u00e9s<\/span><\/a>                    \n                <\/div>\n            <\/div>\n\n        \t\t\t\t<\/div>\n\t\t\t\t<\/div>\n\t\t\t\t<div class=\"elementor-element elementor-element-cbb24a1 htmega-align-center elementor-widget elementor-widget-htmega-calltoaction-addons\" data-id=\"cbb24a1\" data-element_type=\"widget\" data-e-type=\"widget\" data-widget_type=\"htmega-calltoaction-addons.default\">\n\t\t\t\t<div class=\"elementor-widget-container\">\n\t\t\t\t\t            <div class=\"htmega-call-to-action callto-action-style-1\">\n                <div class=\"htmega-content\">\n\n                                            <h2 class=\"htmega-callto-action-title\">Federaci\u00f3 Estatal LGTBI<\/h2><a class=\"call_btn\" href=\"https:\/\/felgtbi.org\/\"><span class='call_to_action_button_one_text_progression'>Con\u00e9ixer m\u00e9s<\/span><\/a>                    \n                <\/div>\n            <\/div>\n\n        \t\t\t\t<\/div>\n\t\t\t\t<\/div>\n\t\t\t\t<div class=\"elementor-element elementor-element-56ac4e0 htmega-align-center elementor-widget elementor-widget-htmega-calltoaction-addons\" data-id=\"56ac4e0\" data-element_type=\"widget\" data-e-type=\"widget\" data-widget_type=\"htmega-calltoaction-addons.default\">\n\t\t\t\t<div class=\"elementor-widget-container\">\n\t\t\t\t\t            <div class=\"htmega-call-to-action callto-action-style-1\">\n                <div class=\"htmega-content\">\n\n                                            <h2 class=\"htmega-callto-action-title\">Agrupaci\u00f3 Esportiva Ib\u00e8rica LGTBI <\/h2><a class=\"call_btn\" href=\"https:\/\/adilgtb.org\/\"><span class='call_to_action_button_one_text_progression'>Con\u00e9ixer m\u00e9s<\/span><\/a>                    \n                <\/div>\n            <\/div>\n\n        \t\t\t\t<\/div>\n\t\t\t\t<\/div>\n\t\t\t\t<div class=\"elementor-element elementor-element-cda0943 htmega-align-center elementor-widget elementor-widget-htmega-calltoaction-addons\" data-id=\"cda0943\" data-element_type=\"widget\" data-e-type=\"widget\" data-widget_type=\"htmega-calltoaction-addons.default\">\n\t\t\t\t<div class=\"elementor-widget-container\">\n\t\t\t\t\t            <div class=\"htmega-call-to-action callto-action-style-1\">\n                <div class=\"htmega-content\">\n\n                                            <h2 class=\"htmega-callto-action-title\">Lambda Collectiu LGTBI<\/h2><a class=\"call_btn\" href=\"https:\/\/lambdavalencia.org\/\"><span class='call_to_action_button_one_text_progression'>Con\u00e9ixer m\u00e9s<\/span><\/a>                    \n                <\/div>\n            <\/div>\n\n        \t\t\t\t<\/div>\n\t\t\t\t<\/div>\n\t\t\t\t<div class=\"elementor-element elementor-element-c3cfbfd htmega-align-center elementor-widget elementor-widget-htmega-calltoaction-addons\" data-id=\"c3cfbfd\" data-element_type=\"widget\" data-e-type=\"widget\" data-widget_type=\"htmega-calltoaction-addons.default\">\n\t\t\t\t<div class=\"elementor-widget-container\">\n\t\t\t\t\t            <div class=\"htmega-call-to-action callto-action-style-1\">\n                <div class=\"htmega-content\">\n\n                                            <h2 class=\"htmega-callto-action-title\">Transsexualitat i intersexualitat <\/h2><a class=\"call_btn\" href=\"https:\/\/www.tkdcv.es\/wp-content\/uploads\/2024\/01\/Transexualidad-e-intersexualidad-en-el-deporte.pdf\"><span class='call_to_action_button_one_text_progression'>Descarregar<\/span><\/a>                    \n                <\/div>\n            <\/div>\n\n        \t\t\t\t<\/div>\n\t\t\t\t<\/div>\n\t\t\t\t<div class=\"elementor-element elementor-element-ca9245f htmega-align-center elementor-widget elementor-widget-htmega-calltoaction-addons\" data-id=\"ca9245f\" data-element_type=\"widget\" data-e-type=\"widget\" data-widget_type=\"htmega-calltoaction-addons.default\">\n\t\t\t\t<div class=\"elementor-widget-container\">\n\t\t\t\t\t            <div class=\"htmega-call-to-action callto-action-style-1\">\n                <div class=\"htmega-content\">\n\n                                            <h2 class=\"htmega-callto-action-title\">Bullying LGTBI <\/h2><a class=\"call_btn\" href=\"https:\/\/www.tkdcv.es\/wp-content\/uploads\/2024\/01\/7857_d_Bullying-LGTBI.pdf\"><span class='call_to_action_button_one_text_progression'>Descarregar<\/span><\/a>                    \n                <\/div>\n            <\/div>\n\n        \t\t\t\t<\/div>\n\t\t\t\t<\/div>\n\t\t\t\t<div class=\"elementor-element elementor-element-6614fe4 htmega-align-center elementor-widget elementor-widget-htmega-calltoaction-addons\" data-id=\"6614fe4\" data-element_type=\"widget\" data-e-type=\"widget\" data-widget_type=\"htmega-calltoaction-addons.default\">\n\t\t\t\t<div class=\"elementor-widget-container\">\n\t\t\t\t\t            <div class=\"htmega-call-to-action callto-action-style-1\">\n                <div class=\"htmega-content\">\n\n                                            <p class=\"htmega-callto-action-description\">Gu\u00eda LGTBI<\/p><h2 class=\"htmega-callto-action-title\">Esport, inclusi\u00f3 i diversitat<\/h2><a class=\"call_btn\" href=\"https:\/\/www.tkdcv.es\/wp-content\/uploads\/2024\/01\/guia_lgtbi_junio_2023_c-1.pdf\"><span class='call_to_action_button_one_text_progression'>Descarregar<\/span><\/a>                    \n                <\/div>\n            <\/div>\n\n        \t\t\t\t<\/div>\n\t\t\t\t<\/div>\n\t\t\t\t<div class=\"elementor-element elementor-element-e4f150e htmega-align-center elementor-widget elementor-widget-htmega-calltoaction-addons\" data-id=\"e4f150e\" data-element_type=\"widget\" data-e-type=\"widget\" data-widget_type=\"htmega-calltoaction-addons.default\">\n\t\t\t\t<div class=\"elementor-widget-container\">\n\t\t\t\t\t            <div class=\"htmega-call-to-action callto-action-style-1\">\n                <div class=\"htmega-content\">\n\n                                            <h2 class=\"htmega-callto-action-title\">Sports for all genders &amp; sexualities<\/h2><a class=\"call_btn\" href=\"https:\/\/www.tkdcv.es\/wp-content\/uploads\/2024\/01\/Good_Practices_Report_F_Version_.pdf\"><span class='call_to_action_button_one_text_progression'>Con\u00e9ixer m\u00e9s<\/span><\/a>                    \n                <\/div>\n            <\/div>\n\n        \t\t\t\t<\/div>\n\t\t\t\t<\/div>\n\t\t\t\t<div class=\"elementor-element elementor-element-a3b5e0c htmega-align-center elementor-widget elementor-widget-htmega-calltoaction-addons\" data-id=\"a3b5e0c\" data-element_type=\"widget\" data-e-type=\"widget\" data-widget_type=\"htmega-calltoaction-addons.default\">\n\t\t\t\t<div class=\"elementor-widget-container\">\n\t\t\t\t\t            <div class=\"htmega-call-to-action callto-action-style-1\">\n                <div class=\"htmega-content\">\n\n                                            <h2 class=\"htmega-callto-action-title\">Informe majors LGTBI<\/h2><a class=\"call_btn\" href=\"https:\/\/www.tkdcv.es\/wp-content\/uploads\/2024\/01\/informe_mayoreslgtbi.pdf\"><span class='call_to_action_button_one_text_progression'>Descarregar<\/span><\/a>                    \n                <\/div>\n            <\/div>\n\n        \t\t\t\t<\/div>\n\t\t\t\t<\/div>\n\t\t\t\t<div class=\"elementor-element elementor-element-8f65cdc htmega-align-center elementor-widget elementor-widget-htmega-calltoaction-addons\" data-id=\"8f65cdc\" data-element_type=\"widget\" data-e-type=\"widget\" data-widget_type=\"htmega-calltoaction-addons.default\">\n\t\t\t\t<div class=\"elementor-widget-container\">\n\t\t\t\t\t            <div class=\"htmega-call-to-action callto-action-style-1\">\n                <div class=\"htmega-content\">\n\n                                            <p class=\"htmega-callto-action-description\">Informe final<\/p><h2 class=\"htmega-callto-action-title\">Diversitat sexual i conviv\u00e8ncia <\/h2><a class=\"call_btn\" href=\"https:\/\/www.tkdcv.es\/wp-content\/uploads\/2024\/01\/informe_final_version_web1.pdf\"><span class='call_to_action_button_one_text_progression'>Descarregar<\/span><\/a>                    \n                <\/div>\n            <\/div>\n\n        \t\t\t\t<\/div>\n\t\t\t\t<\/div>\n\t\t\t\t<div class=\"elementor-element elementor-element-d14709f elementor-widget elementor-widget-spacer\" data-id=\"d14709f\" data-element_type=\"widget\" data-e-type=\"widget\" data-widget_type=\"spacer.default\">\n\t\t\t\t<div class=\"elementor-widget-container\">\n\t\t\t\t\t\t\t<div class=\"elementor-spacer\">\n\t\t\t<div class=\"elementor-spacer-inner\"><\/div>\n\t\t<\/div>\n\t\t\t\t\t\t<\/div>\n\t\t\t\t<\/div>\n\t\t\t\t\t<\/div>\n\t\t<\/div>\n\t\t\t\t\t<\/div>\n\t\t<\/section>\n\t\t\t\t<section data-particle_enable=\"false\" data-particle-mobile-disabled=\"false\" class=\"has-el-gap el-gap-default elementor-section elementor-top-section elementor-element elementor-element-9f1611c elementor-section-boxed elementor-section-height-default elementor-section-height-default\" data-id=\"9f1611c\" data-element_type=\"section\" data-e-type=\"section\">\n\t\t\t\t\t\t<div class=\"elementor-container elementor-column-gap-no\">\n\t\t\t\t\t<div class=\"elementor-column elementor-col-100 elementor-top-column elementor-element elementor-element-cb88c39\" data-id=\"cb88c39\" data-element_type=\"column\" data-e-type=\"column\">\n\t\t\t<div class=\"elementor-widget-wrap\">\n\t\t\t\t\t\t\t<\/div>\n\t\t<\/div>\n\t\t\t\t\t<\/div>\n\t\t<\/section>\n\t\t\t\t<section data-particle_enable=\"false\" data-particle-mobile-disabled=\"false\" class=\"has-el-gap el-gap-default elementor-section elementor-top-section elementor-element elementor-element-83fb8d4 elementor-section-boxed elementor-section-height-default elementor-section-height-default\" data-id=\"83fb8d4\" data-element_type=\"section\" data-e-type=\"section\">\n\t\t\t\t\t\t<div class=\"elementor-container elementor-column-gap-no\">\n\t\t\t\t\t<div class=\"elementor-column elementor-col-100 elementor-top-column elementor-element elementor-element-6f70516\" data-id=\"6f70516\" data-element_type=\"column\" data-e-type=\"column\">\n\t\t\t<div class=\"elementor-widget-wrap elementor-element-populated\">\n\t\t\t\t\t\t<section data-particle_enable=\"false\" data-particle-mobile-disabled=\"false\" class=\"has-el-gap el-gap-default elementor-section elementor-inner-section elementor-element elementor-element-f4777a2 elementor-section-boxed elementor-section-height-default elementor-section-height-default\" data-id=\"f4777a2\" data-element_type=\"section\" data-e-type=\"section\">\n\t\t\t\t\t\t<div class=\"elementor-container elementor-column-gap-no\">\n\t\t\t\t\t<div class=\"elementor-column elementor-col-33 elementor-inner-column elementor-element elementor-element-2ac6bae\" data-id=\"2ac6bae\" data-element_type=\"column\" data-e-type=\"column\">\n\t\t\t<div class=\"elementor-widget-wrap elementor-element-populated\">\n\t\t\t\t\t\t<div class=\"elementor-element elementor-element-dbb21f3 elementor-widget__width-initial elementor-widget elementor-widget-image\" data-id=\"dbb21f3\" data-element_type=\"widget\" data-e-type=\"widget\" data-widget_type=\"image.default\">\n\t\t\t\t<div class=\"elementor-widget-container\">\n\t\t\t\t\t\t\t\t\t\t\t\t\t\t\t<img fetchpriority=\"high\" decoding=\"async\" class=\"attachment-large size-large wp-image-8879 lazyload\" width=\"612\" height=\"361\" src=\"data:image\/svg+xml;base64,PHN2ZyB2aWV3Qm94PScwIDAgNjEyIDM2MScgeG1sbnM9J2h0dHA6Ly93d3cudzMub3JnLzIwMDAvc3ZnJz48L3N2Zz4=\" alt srcset=\"https:\/\/www.tkdcv.es\/wp-content\/uploads\/2024\/08\/istockphoto-1304195707-612x612-1.jpg 612w, https:\/\/www.tkdcv.es\/wp-content\/uploads\/2024\/08\/istockphoto-1304195707-612x612-1-300x177.jpg 300w, https:\/\/www.tkdcv.es\/wp-content\/uploads\/2024\/08\/istockphoto-1304195707-612x612-1-18x12.jpg 18w, https:\/\/www.tkdcv.es\/wp-content\/uploads\/2024\/08\/istockphoto-1304195707-612x612-1-150x88.jpg 150w, https:\/\/www.tkdcv.es\/wp-content\/uploads\/2024\/08\/istockphoto-1304195707-612x612-1-450x265.jpg 450w\" sizes=\"(max-width: 612px) 100vw, 612px\" data-src=\"https:\/\/www.tkdcv.es\/wp-content\/uploads\/2024\/08\/istockphoto-1304195707-612x612-1.jpg\" \/>\t\t\t\t\t\t\t\t\t\t\t\t\t\t\t<\/div>\n\t\t\t\t<\/div>\n\t\t\t\t<div class=\"elementor-element elementor-element-3607636 elementor-widget__width-initial elementor-widget elementor-widget-spacer\" data-id=\"3607636\" data-element_type=\"widget\" data-e-type=\"widget\" data-widget_type=\"spacer.default\">\n\t\t\t\t<div class=\"elementor-widget-container\">\n\t\t\t\t\t\t\t<div class=\"elementor-spacer\">\n\t\t\t<div class=\"elementor-spacer-inner\"><\/div>\n\t\t<\/div>\n\t\t\t\t\t\t<\/div>\n\t\t\t\t<\/div>\n\t\t\t\t\t<\/div>\n\t\t<\/div>\n\t\t\t\t<div class=\"elementor-column elementor-col-33 elementor-inner-column elementor-element elementor-element-00edb0a\" data-id=\"00edb0a\" data-element_type=\"column\" data-e-type=\"column\">\n\t\t\t<div class=\"elementor-widget-wrap elementor-element-populated\">\n\t\t\t\t\t\t<div class=\"elementor-element elementor-element-e44ba9d elementor-widget__width-initial elementor-widget elementor-widget-image-gallery\" data-id=\"e44ba9d\" data-element_type=\"widget\" data-e-type=\"widget\" data-widget_type=\"image-gallery.default\">\n\t\t\t\t<div class=\"elementor-widget-container\">\n\t\t\t\t\t\t\t<div class=\"elementor-image-gallery\">\n\t\t\t<div id='gallery-1' class='gallery galleryid-6141 gallery-columns-1 gallery-size-large'><figure class='gallery-item'>\n\t\t\t<div class='gallery-icon landscape'>\n\t\t\t\t<a data-elementor-open-lightbox=\"yes\" data-elementor-lightbox-slideshow=\"e44ba9d\" data-elementor-lightbox-title=\"28_06_dia_del_orgullo_gay\" data-e-action-hash=\"#elementor-action%3Aaction%3Dlightbox%26settings%3DeyJpZCI6ODQ0MCwidXJsIjoiaHR0cHM6XC9cL3d3dy50a2Rjdi5lc1wvd3AtY29udGVudFwvdXBsb2Fkc1wvMjAyNFwvMDFcLzI4XzA2X2RpYV9kZWxfb3JndWxsb19nYXkuanBnIiwic2xpZGVzaG93IjoiZTQ0YmE5ZCJ9\" href='https:\/\/www.tkdcv.es\/wp-content\/uploads\/2024\/01\/28_06_dia_del_orgullo_gay.jpg'><img decoding=\"async\" width=\"1024\" height=\"672\" src=\"data:image\/svg+xml;base64,PHN2ZyB2aWV3Qm94PScwIDAgMTAyNCA2NzInIHhtbG5zPSdodHRwOi8vd3d3LnczLm9yZy8yMDAwL3N2Zyc+PC9zdmc+\" class=\"attachment-large size-large lazyload\" alt=\"\" sizes=\"(max-width: 1024px) 100vw, 1024px\" data-srcset=\"https:\/\/www.tkdcv.es\/wp-content\/uploads\/2024\/01\/28_06_dia_del_orgullo_gay-1024x672.jpg 1024w, https:\/\/www.tkdcv.es\/wp-content\/uploads\/2024\/01\/28_06_dia_del_orgullo_gay-300x197.jpg 300w, https:\/\/www.tkdcv.es\/wp-content\/uploads\/2024\/01\/28_06_dia_del_orgullo_gay-768x504.jpg 768w, https:\/\/www.tkdcv.es\/wp-content\/uploads\/2024\/01\/28_06_dia_del_orgullo_gay-1536x1008.jpg 1536w, https:\/\/www.tkdcv.es\/wp-content\/uploads\/2024\/01\/28_06_dia_del_orgullo_gay-18x12.jpg 18w, https:\/\/www.tkdcv.es\/wp-content\/uploads\/2024\/01\/28_06_dia_del_orgullo_gay-150x98.jpg 150w, https:\/\/www.tkdcv.es\/wp-content\/uploads\/2024\/01\/28_06_dia_del_orgullo_gay-450x295.jpg 450w, https:\/\/www.tkdcv.es\/wp-content\/uploads\/2024\/01\/28_06_dia_del_orgullo_gay-1200x788.jpg 1200w, https:\/\/www.tkdcv.es\/wp-content\/uploads\/2024\/01\/28_06_dia_del_orgullo_gay.jpg 1600w\" data-src=\"https:\/\/www.tkdcv.es\/wp-content\/uploads\/2024\/01\/28_06_dia_del_orgullo_gay-1024x672.jpg\" \/><\/a>\n\t\t\t<\/div><\/figure>\n\t\t<\/div>\n\t\t<\/div>\n\t\t\t\t\t\t<\/div>\n\t\t\t\t<\/div>\n\t\t\t\t\t<\/div>\n\t\t<\/div>\n\t\t\t\t<div class=\"elementor-column elementor-col-33 elementor-inner-column elementor-element elementor-element-bea8468\" data-id=\"bea8468\" data-element_type=\"column\" data-e-type=\"column\">\n\t\t\t<div class=\"elementor-widget-wrap elementor-element-populated\">\n\t\t\t\t\t\t<div class=\"elementor-element elementor-element-abff18d elementor-widget__width-initial elementor-widget elementor-widget-image\" data-id=\"abff18d\" data-element_type=\"widget\" data-e-type=\"widget\" data-widget_type=\"image.default\">\n\t\t\t\t<div class=\"elementor-widget-container\">\n\t\t\t\t\t\t\t\t\t\t\t\t\t\t\t<img decoding=\"async\" class=\"attachment-large size-large wp-image-8876 lazyload\" width=\"1024\" height=\"768\" src=\"data:image\/svg+xml;base64,PHN2ZyB2aWV3Qm94PScwIDAgMTAyNCA3NjgnIHhtbG5zPSdodHRwOi8vd3d3LnczLm9yZy8yMDAwL3N2Zyc+PC9zdmc+\" alt srcset=\"https:\/\/www.tkdcv.es\/wp-content\/uploads\/2024\/08\/b8-eWsAcU_2000x1500__1-1024x768.jpg 1024w, https:\/\/www.tkdcv.es\/wp-content\/uploads\/2024\/08\/b8-eWsAcU_2000x1500__1-300x225.jpg 300w, https:\/\/www.tkdcv.es\/wp-content\/uploads\/2024\/08\/b8-eWsAcU_2000x1500__1-768x576.jpg 768w, https:\/\/www.tkdcv.es\/wp-content\/uploads\/2024\/08\/b8-eWsAcU_2000x1500__1-1536x1152.jpg 1536w, https:\/\/www.tkdcv.es\/wp-content\/uploads\/2024\/08\/b8-eWsAcU_2000x1500__1-16x12.jpg 16w, https:\/\/www.tkdcv.es\/wp-content\/uploads\/2024\/08\/b8-eWsAcU_2000x1500__1-150x113.jpg 150w, https:\/\/www.tkdcv.es\/wp-content\/uploads\/2024\/08\/b8-eWsAcU_2000x1500__1-450x338.jpg 450w, https:\/\/www.tkdcv.es\/wp-content\/uploads\/2024\/08\/b8-eWsAcU_2000x1500__1-1200x900.jpg 1200w, https:\/\/www.tkdcv.es\/wp-content\/uploads\/2024\/08\/b8-eWsAcU_2000x1500__1.jpg 2000w\" sizes=\"(max-width: 1024px) 100vw, 1024px\" data-src=\"https:\/\/www.tkdcv.es\/wp-content\/uploads\/2024\/08\/b8-eWsAcU_2000x1500__1-1024x768.jpg\" \/>\t\t\t\t\t\t\t\t\t\t\t\t\t\t\t<\/div>\n\t\t\t\t<\/div>\n\t\t\t\t\t<\/div>\n\t\t<\/div>\n\t\t\t\t\t<\/div>\n\t\t<\/section>\n\t\t\t\t\t<\/div>\n\t\t<\/div>\n\t\t\t\t\t<\/div>\n\t\t<\/section>\n\t\t\t\t<\/div>","protected":false},"excerpt":{"rendered":"<p>Diversidad &amp; Integraci\u00f3n Como erradicar la violencia Descargar Prevenci\u00f3n de la violencia Descargar El arco iris en el deporte Conocer m\u00e1s Federaci\u00f3n Estatal LGTBI Conocer m\u00e1s Agrupaci\u00f3n Deportiva Ib\u00e9rica LGTBI Conocer m\u00e1s Lambda Collectiu LGTBI Conocer m\u00e1s Transexualidad e intersexualidad Descargar Bullying LGTBI Descargar Gu\u00eda LGTBI Deporte, inclusi\u00f3n y diversidad Descargar Sports for all genders<\/p>","protected":false},"author":1,"featured_media":0,"parent":0,"menu_order":0,"comment_status":"closed","ping_status":"closed","template":"page-templates\/no-wrapper.php","meta":{"footnotes":""},"class_list":["post-6141","page","type-page","status-publish"],"_links":{"self":[{"href":"https:\/\/www.tkdcv.es\/val\/wp-json\/wp\/v2\/pages\/6141","targetHints":{"allow":["GET"]}}],"collection":[{"href":"https:\/\/www.tkdcv.es\/val\/wp-json\/wp\/v2\/pages"}],"about":[{"href":"https:\/\/www.tkdcv.es\/val\/wp-json\/wp\/v2\/types\/page"}],"author":[{"embeddable":true,"href":"https:\/\/www.tkdcv.es\/val\/wp-json\/wp\/v2\/users\/1"}],"replies":[{"embeddable":true,"href":"https:\/\/www.tkdcv.es\/val\/wp-json\/wp\/v2\/comments?post=6141"}],"version-history":[{"count":0,"href":"https:\/\/www.tkdcv.es\/val\/wp-json\/wp\/v2\/pages\/6141\/revisions"}],"wp:attachment":[{"href":"https:\/\/www.tkdcv.es\/val\/wp-json\/wp\/v2\/media?parent=6141"}],"curies":[{"name":"wp","href":"https:\/\/api.w.org\/{rel}","templated":true}]}}